{"id":11456,"date":"2015-07-31T10:44:56","date_gmt":"2015-07-31T07:44:56","guid":{"rendered":"http:\/\/kyma.lt\/en\/atsisiusti\/"},"modified":"2024-01-30T10:19:58","modified_gmt":"2024-01-30T08:19:58","slug":"downloads","status":"publish","type":"page","link":"https:\/\/kyma.lt\/en\/downloads\/","title":{"rendered":"Downloads"},"content":{"rendered":"<p>[et_pb_section fb_built=&#8221;1&#8243; fullwidth=&#8221;on&#8221; custom_padding_last_edited=&#8221;on|desktop&#8221; admin_label=&#8221;section&#8221; _builder_version=&#8221;3.22.3&#8243; background_color=&#8221;#ffffff&#8221; background_image=&#8221;https:\/\/kyma.lt\/wp-content\/uploads\/2015\/07\/Background.png&#8221; custom_padding_tablet=&#8221;50px|0|50px|0&#8243; transparent_background=&#8221;off&#8221;][et_pb_fullwidth_header title=&#8221;Downloads&#8221; text_orientation=&#8221;center&#8221; header_scroll_down=&#8221;on&#8221; scroll_down_icon=&#8221;%%1%%&#8221; content_max_width=&#8221;none&#8221; _builder_version=&#8221;3.16&#8243; background_color=&#8221;rgba(255, 255, 255, 0)&#8221; button_one_letter_spacing_hover=&#8221;0&#8243; button_two_letter_spacing_hover=&#8221;0&#8243; button_one_text_size__hover_enabled=&#8221;off&#8221; button_two_text_size__hover_enabled=&#8221;off&#8221; button_one_text_color__hover_enabled=&#8221;off&#8221; button_two_text_color__hover_enabled=&#8221;off&#8221; button_one_border_width__hover_enabled=&#8221;off&#8221; button_two_border_width__hover_enabled=&#8221;off&#8221; button_one_border_color__hover_enabled=&#8221;off&#8221; button_two_border_color__hover_enabled=&#8221;off&#8221; button_one_border_radius__hover_enabled=&#8221;off&#8221; button_two_border_radius__hover_enabled=&#8221;off&#8221; button_one_letter_spacing__hover_enabled=&#8221;on&#8221; button_one_letter_spacing__hover=&#8221;0&#8243; button_two_letter_spacing__hover_enabled=&#8221;on&#8221; button_two_letter_spacing__hover=&#8221;0&#8243; button_one_bg_color__hover_enabled=&#8221;off&#8221; button_two_bg_color__hover_enabled=&#8221;off&#8221;][\/et_pb_fullwidth_header][\/et_pb_section][et_pb_section fb_built=&#8221;1&#8243; admin_label=&#8221;section&#8221; _builder_version=&#8221;3.22.3&#8243;][et_pb_row admin_label=&#8221;row&#8221; _builder_version=&#8221;3.22.3&#8243; background_size=&#8221;initial&#8221; background_position=&#8221;top_left&#8221; background_repeat=&#8221;repeat&#8221;][et_pb_column type=&#8221;1_3&#8243; _builder_version=&#8221;3.0.47&#8243;][\/et_pb_column][et_pb_column type=&#8221;1_3&#8243; _builder_version=&#8221;3.0.47&#8243;][et_pb_blurb title=&#8221;INSTRUCTION&#8221; url=&#8221;https:\/\/kyma.lt\/wp-content\/uploads\/2016\/12\/Surinkimo-instrukcija-11-24.pdf&#8221; use_icon=&#8221;on&#8221; font_icon=&#8221;%%72%%&#8221; admin_label=&#8221;Boxed Blurb&#8221; _builder_version=&#8221;3.0.87&#8243; header_font=&#8221;|on||on|&#8221; header_font_size=&#8221;14&#8243; header_letter_spacing=&#8221;1px&#8221; body_font_size=&#8221;13&#8243; background_size=&#8221;initial&#8221; background_position=&#8221;top_left&#8221; background_repeat=&#8221;repeat&#8221; border_width_all=&#8221;4&#8243; border_color_all=&#8221;#598492&#8243; border_style_all=&#8221;solid&#8221; text_orientation=&#8221;center&#8221; custom_padding=&#8221;40px|40px|40px|40px&#8221; animation=&#8221;off&#8221; use_border_color=&#8221;on&#8221; border_color=&#8221;#598492&#8243; border_width=&#8221;4&#8243; border_style=&#8221;solid&#8221; saved_tabs=&#8221;all&#8221;]Baths<\/p>\n<p><a href=\"https:\/\/kyma.lt\/wp-content\/uploads\/2016\/12\/Surinkimo-instrukcija-11-24.pdf\" target=\"_blank\" rel=\"noopener noreferrer\">Download<\/a><br \/>\n[\/et_pb_blurb][\/et_pb_column][et_pb_column type=&#8221;1_3&#8243; _builder_version=&#8221;3.0.47&#8243;][et_pb_blurb title=&#8221;INSTRUCTION&#8221; url=&#8221;https:\/\/kyma.lt\/wp-content\/uploads\/2017\/04\/Poliplastas-A4-2017_.pdf&#8221; use_icon=&#8221;on&#8221; font_icon=&#8221;%%209%%&#8221; admin_label=&#8221;Boxed Blurb&#8221; _builder_version=&#8221;3.0.87&#8243; header_font=&#8221;|on||on|&#8221; header_font_size=&#8221;14&#8243; header_letter_spacing=&#8221;1px&#8221; body_font_size=&#8221;13&#8243; background_size=&#8221;initial&#8221; background_position=&#8221;top_left&#8221; background_repeat=&#8221;repeat&#8221; border_width_all=&#8221;4&#8243; border_color_all=&#8221;#598492&#8243; border_style_all=&#8221;solid&#8221; text_orientation=&#8221;center&#8221; custom_padding=&#8221;40px|40px|40px|40px&#8221; animation=&#8221;off&#8221; use_border_color=&#8221;on&#8221; border_color=&#8221;#598492&#8243; border_width=&#8221;4&#8243; border_style=&#8221;solid&#8221; saved_tabs=&#8221;all&#8221;]Whirlpool systems<\/p>\n<p><a href=\"https:\/\/kyma.lt\/wp-content\/uploads\/2017\/04\/Poliplastas-A4-2017_.pdf\" target=\"_blank\" rel=\"noopener noreferrer\">Download<\/a><br \/>\n[\/et_pb_blurb][\/et_pb_column][\/et_pb_row][\/et_pb_section]<\/p>\n","protected":false},"excerpt":{"rendered":"<p>Baths Download Whirlpool systems Download<\/p>\n","protected":false},"author":4,"featured_media":0,"parent":0,"menu_order":0,"comment_status":"open","ping_status":"open","template":"","meta":{"_et_pb_use_builder":"on","_et_pb_old_content":"","_et_gb_content_width":"","_exactmetrics_skip_tracking":false,"_exactmetrics_sitenote_active":false,"_exactmetrics_sitenote_note":"","_exactmetrics_sitenote_category":0,"footnotes":""},"yoast_head":"<!-- This site is optimized with the Yoast SEO plugin v22.6 - https:\/\/yoast.com\/wordpress\/plugins\/seo\/ -->\n<title>Downloads - KYMA vonios, masa\u017ein\u0117s voni\u0173 sistemos<\/title>\n<meta name=\"robots\" content=\"index, follow, max-snippet:-1, max-image-preview:large, max-video-preview:-1\" \/>\n<link rel=\"canonical\" href=\"https:\/\/kyma.lt\/en\/downloads\/\" \/>\n<meta property=\"og:locale\" content=\"en_US\" \/>\n<meta property=\"og:type\" content=\"article\" \/>\n<meta property=\"og:title\" content=\"Downloads - KYMA vonios, masa\u017ein\u0117s voni\u0173 sistemos\" \/>\n<meta property=\"og:description\" content=\"Baths Download Whirlpool systems Download\" \/>\n<meta property=\"og:url\" content=\"https:\/\/kyma.lt\/en\/downloads\/\" \/>\n<meta property=\"og:site_name\" content=\"KYMA vonios, masa\u017ein\u0117s voni\u0173 sistemos\" \/>\n<meta property=\"article:modified_time\" content=\"2024-01-30T08:19:58+00:00\" \/>\n<meta name=\"twitter:card\" content=\"summary_large_image\" \/>\n<meta name=\"twitter:label1\" content=\"Est. reading time\" \/>\n\t<meta name=\"twitter:data1\" content=\"2 minutes\" \/>\n<script type=\"application\/ld+json\" class=\"yoast-schema-graph\">{\"@context\":\"https:\/\/schema.org\",\"@graph\":[{\"@type\":\"WebPage\",\"@id\":\"https:\/\/kyma.lt\/en\/downloads\/\",\"url\":\"https:\/\/kyma.lt\/en\/downloads\/\",\"name\":\"Downloads - KYMA vonios, masa\u017ein\u0117s voni\u0173 sistemos\",\"isPartOf\":{\"@id\":\"https:\/\/kyma.lt\/en\/#website\"},\"datePublished\":\"2015-07-31T07:44:56+00:00\",\"dateModified\":\"2024-01-30T08:19:58+00:00\",\"breadcrumb\":{\"@id\":\"https:\/\/kyma.lt\/en\/downloads\/#breadcrumb\"},\"inLanguage\":\"en-US\",\"potentialAction\":[{\"@type\":\"ReadAction\",\"target\":[\"https:\/\/kyma.lt\/en\/downloads\/\"]}]},{\"@type\":\"BreadcrumbList\",\"@id\":\"https:\/\/kyma.lt\/en\/downloads\/#breadcrumb\",\"itemListElement\":[{\"@type\":\"ListItem\",\"position\":1,\"name\":\"Home\",\"item\":\"https:\/\/kyma.lt\/en\/\"},{\"@type\":\"ListItem\",\"position\":2,\"name\":\"Downloads\"}]},{\"@type\":\"WebSite\",\"@id\":\"https:\/\/kyma.lt\/en\/#website\",\"url\":\"https:\/\/kyma.lt\/en\/\",\"name\":\"KYMA vonios, masa\u017ein\u0117s voni\u0173 sistemos\",\"description\":\"\",\"alternateName\":\"KYMA\",\"potentialAction\":[{\"@type\":\"SearchAction\",\"target\":{\"@type\":\"EntryPoint\",\"urlTemplate\":\"https:\/\/kyma.lt\/en\/?s={search_term_string}\"},\"query-input\":\"required name=search_term_string\"}],\"inLanguage\":\"en-US\"}]}<\/script>\n<!-- \/ Yoast SEO plugin. -->","yoast_head_json":{"title":"Downloads - KYMA vonios, masa\u017ein\u0117s voni\u0173 sistemos","robots":{"index":"index","follow":"follow","max-snippet":"max-snippet:-1","max-image-preview":"max-image-preview:large","max-video-preview":"max-video-preview:-1"},"canonical":"https:\/\/kyma.lt\/en\/downloads\/","og_locale":"en_US","og_type":"article","og_title":"Downloads - KYMA vonios, masa\u017ein\u0117s voni\u0173 sistemos","og_description":"Baths Download Whirlpool systems Download","og_url":"https:\/\/kyma.lt\/en\/downloads\/","og_site_name":"KYMA vonios, masa\u017ein\u0117s voni\u0173 sistemos","article_modified_time":"2024-01-30T08:19:58+00:00","twitter_card":"summary_large_image","twitter_misc":{"Est. reading time":"2 minutes"},"schema":{"@context":"https:\/\/schema.org","@graph":[{"@type":"WebPage","@id":"https:\/\/kyma.lt\/en\/downloads\/","url":"https:\/\/kyma.lt\/en\/downloads\/","name":"Downloads - KYMA vonios, masa\u017ein\u0117s voni\u0173 sistemos","isPartOf":{"@id":"https:\/\/kyma.lt\/en\/#website"},"datePublished":"2015-07-31T07:44:56+00:00","dateModified":"2024-01-30T08:19:58+00:00","breadcrumb":{"@id":"https:\/\/kyma.lt\/en\/downloads\/#breadcrumb"},"inLanguage":"en-US","potentialAction":[{"@type":"ReadAction","target":["https:\/\/kyma.lt\/en\/downloads\/"]}]},{"@type":"BreadcrumbList","@id":"https:\/\/kyma.lt\/en\/downloads\/#breadcrumb","itemListElement":[{"@type":"ListItem","position":1,"name":"Home","item":"https:\/\/kyma.lt\/en\/"},{"@type":"ListItem","position":2,"name":"Downloads"}]},{"@type":"WebSite","@id":"https:\/\/kyma.lt\/en\/#website","url":"https:\/\/kyma.lt\/en\/","name":"KYMA vonios, masa\u017ein\u0117s voni\u0173 sistemos","description":"","alternateName":"KYMA","potentialAction":[{"@type":"SearchAction","target":{"@type":"EntryPoint","urlTemplate":"https:\/\/kyma.lt\/en\/?s={search_term_string}"},"query-input":"required name=search_term_string"}],"inLanguage":"en-US"}]}},"_links":{"self":[{"href":"https:\/\/kyma.lt\/en\/wp-json\/wp\/v2\/pages\/11456\/"}],"collection":[{"href":"https:\/\/kyma.lt\/en\/wp-json\/wp\/v2\/pages\/"}],"about":[{"href":"https:\/\/kyma.lt\/en\/wp-json\/wp\/v2\/types\/page\/"}],"author":[{"embeddable":true,"href":"https:\/\/kyma.lt\/en\/wp-json\/wp\/v2\/users\/4\/"}],"replies":[{"embeddable":true,"href":"https:\/\/kyma.lt\/en\/wp-json\/wp\/v2\/comments\/?post=11456"}],"version-history":[{"count":6,"href":"https:\/\/kyma.lt\/en\/wp-json\/wp\/v2\/pages\/11456\/revisions\/"}],"predecessor-version":[{"id":13084,"href":"https:\/\/kyma.lt\/en\/wp-json\/wp\/v2\/pages\/11456\/revisions\/13084\/"}],"wp:attachment":[{"href":"https:\/\/kyma.lt\/en\/wp-json\/wp\/v2\/media\/?parent=11456"}],"curies":[{"name":"wp","href":"https:\/\/api.w.org\/{rel}","templated":true}]}}