{"id":11458,"date":"2015-07-18T22:49:42","date_gmt":"2015-07-18T19:49:42","guid":{"rendered":"http:\/\/kyma.lt\/en\/kyma-vonios\/"},"modified":"2016-05-31T16:59:20","modified_gmt":"2016-05-31T13:59:20","slug":"kyma-bathtubs","status":"publish","type":"page","link":"https:\/\/kyma.lt\/en\/kyma-bathtubs\/","title":{"rendered":"Kyma bathtubs"},"content":{"rendered":"<p>[et_pb_section admin_label=&#8221;section&#8221; fullwidth=&#8221;on&#8221; specialty=&#8221;off&#8221; transparent_background=&#8221;off&#8221; allow_player_pause=&#8221;off&#8221; inner_shadow=&#8221;off&#8221; parallax=&#8221;off&#8221; parallax_method=&#8221;off&#8221; padding_mobile=&#8221;off&#8221; make_fullwidth=&#8221;off&#8221; use_custom_width=&#8221;off&#8221; width_unit=&#8221;on&#8221; make_equal=&#8221;off&#8221; use_custom_gutter=&#8221;off&#8221; background_video_mp4=&#8221;https:\/\/kyma.lt\/wp-content\/uploads\/2015\/07\/waterdrop.mp4&#8243; background_video_webm=&#8221;https:\/\/kyma.lt\/wp-content\/uploads\/2015\/07\/waterdrop.mp4&#8243; background_image=&#8221;https:\/\/kyma.lt\/wp-content\/uploads\/2015\/07\/virselis-issirinktas-2.png&#8221;][et_pb_fullwidth_slider admin_label=&#8221;Fullwidth Slider&#8221; show_arrows=&#8221;on&#8221; show_pagination=&#8221;on&#8221; auto=&#8221;on&#8221; parallax=&#8221;on&#8221; parallax_method=&#8221;on&#8221; remove_inner_shadow=&#8221;on&#8221; background_position=&#8221;default&#8221; background_size=&#8221;default&#8221; hide_content_on_mobile=&#8221;off&#8221; hide_cta_on_mobile=&#8221;off&#8221; show_image_video_mobile=&#8221;off&#8221; custom_button=&#8221;off&#8221; button_letter_spacing=&#8221;0&#8243; button_use_icon=&#8221;default&#8221; button_icon_placement=&#8221;right&#8221; button_on_hover=&#8221;on&#8221; button_letter_spacing_hover=&#8221;0&#8243; body_text_color=&#8221;#1d6091&#8243; auto_speed=&#8221;4500&#8243; body_font_size=&#8221;26&#8243; body_letter_spacing=&#8221;1px&#8221; auto_ignore_hover=&#8221;off&#8221;]<\/p>\n<p>[et_pb_slide background_position=&#8221;default&#8221; background_size=&#8221;default&#8221; background_color=&#8221;rgba(255,255,255,0)&#8221; alignment=&#8221;center&#8221; background_layout=&#8221;dark&#8221; allow_player_pause=&#8221;off&#8221; header_font_select=&#8221;default&#8221; body_font_select=&#8221;default&#8221; custom_button=&#8221;off&#8221; button_font_select=&#8221;default&#8221; button_use_icon=&#8221;default&#8221; button_icon_placement=&#8221;right&#8221; button_on_hover=&#8221;on&#8221; body_text_color=&#8221;#157291&#8243; body_font_size=&#8221;24&#8243; use_bg_overlay=&#8221;off&#8221; use_text_overlay=&#8221;off&#8221; text_border_radius=&#8221;3&#8243; header_font=&#8221;||||&#8221; body_font=&#8221;||||&#8221; body_font_size_tablet=&#8221;24&#8243; body_font_size_phone=&#8221;24&#8243; button_font=&#8221;||||&#8221;]<\/p>\n<p>KYMA All products comply with EC standards compliance. KYMA products meet the highest manufacturer for acrylic baths requirements, so their products provide a 10 year warranty.<\/p>\n<p>[\/et_pb_slide][et_pb_slide background_position=&#8221;default&#8221; background_size=&#8221;default&#8221; background_color=&#8221;rgba(255,255,255,0)&#8221; alignment=&#8221;center&#8221; background_layout=&#8221;dark&#8221; allow_player_pause=&#8221;off&#8221; header_font_select=&#8221;default&#8221; body_font_select=&#8221;default&#8221; custom_button=&#8221;off&#8221; button_font_select=&#8221;default&#8221; button_use_icon=&#8221;default&#8221; button_icon_placement=&#8221;right&#8221; button_on_hover=&#8221;on&#8221; body_text_color=&#8221;#598492&#8243; use_bg_overlay=&#8221;off&#8221; use_text_overlay=&#8221;off&#8221; text_border_radius=&#8221;3&#8243; header_font=&#8221;||||&#8221; body_font=&#8221;||||&#8221; button_font=&#8221;||||&#8221;]<\/p>\n<p class=\"p1\">Acrylic bathtubs are made by thermoforming. Their production is used only the market leader in sanitary LUCITE 4-5mm acrylic sheet.<\/p>\n<p>[\/et_pb_slide][et_pb_slide background_position=&#8221;default&#8221; background_size=&#8221;default&#8221; background_color=&#8221;rgba(255,255,255,0)&#8221; alignment=&#8221;center&#8221; background_layout=&#8221;dark&#8221; allow_player_pause=&#8221;off&#8221; header_font_select=&#8221;default&#8221; body_font_select=&#8221;default&#8221; custom_button=&#8221;off&#8221; button_font_select=&#8221;default&#8221; button_use_icon=&#8221;default&#8221; button_icon_placement=&#8221;right&#8221; button_on_hover=&#8221;on&#8221; body_text_color=&#8221;#598492&#8243; use_bg_overlay=&#8221;off&#8221; use_text_overlay=&#8221;off&#8221; text_border_radius=&#8221;3&#8243; header_font=&#8221;||||&#8221; body_font=&#8221;||||&#8221; button_font=&#8221;||||&#8221;]<\/p>\n<p class=\"p1\">Cast acrylic bath surface is glossy, warm, easy to clean. These bathroom rust and do not change color. They keep the water warm, resistant to chemicals and is durable. In addition, the surface can be easily atpoliruoti. For these reasons, the ideal material cast acrylic surface of the bath.<\/p>\n<p>[\/et_pb_slide]<\/p>\n<p>[\/et_pb_fullwidth_slider][\/et_pb_section][et_pb_section admin_label=&#8221;section&#8221; fullwidth=&#8221;off&#8221; specialty=&#8221;off&#8221; transparent_background=&#8221;off&#8221; allow_player_pause=&#8221;off&#8221; inner_shadow=&#8221;off&#8221; parallax=&#8221;off&#8221; parallax_method=&#8221;on&#8221; padding_mobile=&#8221;on&#8221; padding_top=&#8221;0&#8243; custom_padding=&#8221;0|0&#8243; make_fullwidth=&#8221;off&#8221; use_custom_width=&#8221;off&#8221; width_unit=&#8221;on&#8221; make_equal=&#8221;off&#8221; use_custom_gutter=&#8221;off&#8221;][et_pb_row admin_label=&#8221;row&#8221; make_fullwidth=&#8221;on&#8221; use_custom_width=&#8221;off&#8221; custom_width=&#8221;80&#8243; padding_mobile=&#8221;off&#8221; background_color=&#8221;rgba(0,0,0,0)&#8221; allow_player_pause=&#8221;off&#8221; parallax=&#8221;off&#8221; parallax_method=&#8221;off&#8221; make_equal=&#8221;on&#8221; background_color_1=&#8221;rgba(0,0,0,0)&#8221; background_color_2=&#8221;rgba(0,0,0,0)&#8221; padding_top=&#8221;0&#8243; width_unit=&#8221;on&#8221; custom_padding=&#8221;0|0&#8243; use_custom_gutter=&#8221;on&#8221; gutter_width=&#8221;1&#8243; custom_width_px=&#8221;800&#8243;][et_pb_column type=&#8221;1_2&#8243;][et_pb_image admin_label=&#8221;Image&#8221; show_in_lightbox=&#8221;off&#8221; url_new_window=&#8221;off&#8221; animation=&#8221;off&#8221; sticky=&#8221;on&#8221; align=&#8221;right&#8221; use_border_color=&#8221;off&#8221; border_color=&#8221;#ffffff&#8221; border_style=&#8221;solid&#8221; force_fullwidth=&#8221;on&#8221; always_center_on_mobile=&#8221;on&#8221; src=&#8221;https:\/\/kyma.lt\/wp-content\/uploads\/2015\/07\/bbb.jpg&#8221;]<\/p>\n<p>[\/et_pb_image][\/et_pb_column][et_pb_column type=&#8221;1_2&#8243;][et_pb_text admin_label=&#8221;Text&#8221; background_layout=&#8221;light&#8221; text_orientation=&#8221;justified&#8221; font_select=&#8221;default&#8221; text_size=&#8221;14px&#8221; text_color=&#8221;#7d776f&#8221; letter_spacing=&#8221;0px&#8221; line_height=&#8221;1.7em&#8221; use_border_color=&#8221;off&#8221; border_color=&#8221;#ffffff&#8221; border_style=&#8221;solid&#8221; custom_margin=&#8221;40px|30px||30px&#8221; text_font_size=&#8221;16&#8243;]<\/p>\n<h2>Rectangular bathtubs<\/h2>\n<p>Rectangular bathtubs are available in several sizes and shapes, so they are perfectly adaptable to each bathroom. Elegant bathtub design and subtle forms will create a feeling of warmth and lightness. Although a simple rectangular shape it can become a practical and beautiful bathtub in your bathroom.\u00a0All KYMA rectangular bathtubs can be equipped with massage system.<\/p>\n<p>[\/et_pb_text][et_pb_cta admin_label=&#8221;Call To Action&#8221; url_new_window=&#8221;off&#8221; use_background_color=&#8221;off&#8221; background_color=&#8221;#2fb5c4&#8243; background_layout=&#8221;light&#8221; text_orientation=&#8221;left&#8221; use_border_color=&#8221;off&#8221; border_color=&#8221;#ffffff&#8221; border_style=&#8221;solid&#8221; custom_button=&#8221;on&#8221; button_letter_spacing=&#8221;1&#8243; button_use_icon=&#8221;default&#8221; button_icon_placement=&#8221;right&#8221; button_on_hover=&#8221;on&#8221; button_letter_spacing_hover=&#8221;0&#8243; custom_margin=&#8221;|||30px&#8221; button_text_size=&#8221;12&#8243; button_bg_color=&#8221;#598492&#8243; button_icon=&#8221;%%3%%&#8221; button_text_color_hover=&#8221;rgba(255,255,255,0.44)&#8221; button_url=&#8221;https:\/\/kyma.lt\/en\/kyma-bathtubs\/rectangular-bathtubs\/&#8221; header_letter_spacing=&#8221;1px&#8221; button_text_color=&#8221;rgba(255,255,255,0.77)&#8221; button_text=&#8221;More&#8221; button_border_color=&#8221;#598492&#8243;]<\/p>\n<p>[\/et_pb_cta][\/et_pb_column][\/et_pb_row][et_pb_row admin_label=&#8221;row&#8221; make_fullwidth=&#8221;on&#8221; use_custom_width=&#8221;off&#8221; custom_width=&#8221;80&#8243; padding_mobile=&#8221;off&#8221; background_color=&#8221;rgba(0,0,0,0)&#8221; allow_player_pause=&#8221;off&#8221; parallax=&#8221;off&#8221; parallax_method=&#8221;off&#8221; make_equal=&#8221;on&#8221; background_color_1=&#8221;rgba(0,0,0,0)&#8221; background_color_2=&#8221;rgba(0,0,0,0)&#8221; padding_top=&#8221;0&#8243; width_unit=&#8221;on&#8221; custom_padding=&#8221;0|0&#8243; use_custom_gutter=&#8221;on&#8221; gutter_width=&#8221;1&#8243; custom_width_px=&#8221;800&#8243;][et_pb_column type=&#8221;1_2&#8243;][et_pb_text admin_label=&#8221;Text&#8221; background_layout=&#8221;light&#8221; text_orientation=&#8221;left&#8221; font_select=&#8221;default&#8221; text_size=&#8221;14px&#8221; text_color=&#8221;#7d776f&#8221; letter_spacing=&#8221;0px&#8221; line_height=&#8221;1.7em&#8221; use_border_color=&#8221;off&#8221; border_color=&#8221;#ffffff&#8221; border_style=&#8221;solid&#8221; custom_margin=&#8221;40px|30px||30px&#8221; text_font_size=&#8221;16&#8243;]<\/p>\n<h2>Asymmetric bathtubs<\/h2>\n<p>Asymmetrical bathtubs are ergonomically shaped, suitable for both small and standard type of bathrooms. Practical seat is made in asymmetric bathtub. It is comfortable to put goods on it or sit on it while bathing. The capacity, aesthetics and quality of these bathtubs ensures a comfortable bathing. Asymmetric bathtubs can be left-hand or right-hand side, depending on its position in bathroom. All KYMA asymmetric bathtubs can be equipped with massage system.<\/p>\n<p>[\/et_pb_text][et_pb_cta admin_label=&#8221;Call To Action&#8221; url_new_window=&#8221;off&#8221; use_background_color=&#8221;off&#8221; background_color=&#8221;#2fb5c4&#8243; background_layout=&#8221;light&#8221; text_orientation=&#8221;left&#8221; use_border_color=&#8221;off&#8221; border_color=&#8221;#ffffff&#8221; border_style=&#8221;solid&#8221; custom_button=&#8221;on&#8221; button_letter_spacing=&#8221;1&#8243; button_use_icon=&#8221;default&#8221; button_icon_placement=&#8221;right&#8221; button_on_hover=&#8221;on&#8221; button_letter_spacing_hover=&#8221;0&#8243; custom_margin=&#8221;|||30px&#8221; button_text_size=&#8221;12&#8243; button_bg_color=&#8221;#598492&#8243; button_icon=&#8221;%%3%%&#8221; button_text_color_hover=&#8221;rgba(255,255,255,0.44)&#8221; button_url=&#8221;https:\/\/kyma.lt\/en\/kyma-bathtubs\/asymmetric-bathtubs\/&#8221; header_letter_spacing=&#8221;1px&#8221; button_text_color=&#8221;rgba(255,255,255,0.77)&#8221; button_text=&#8221;More&#8221; button_border_color=&#8221;#598492&#8243;]<\/p>\n<p>[\/et_pb_cta][\/et_pb_column][et_pb_column type=&#8221;1_2&#8243;][et_pb_image admin_label=&#8221;Image&#8221; show_in_lightbox=&#8221;off&#8221; url_new_window=&#8221;off&#8221; animation=&#8221;off&#8221; sticky=&#8221;on&#8221; align=&#8221;left&#8221; use_border_color=&#8221;off&#8221; border_color=&#8221;#ffffff&#8221; border_style=&#8221;solid&#8221; force_fullwidth=&#8221;on&#8221; always_center_on_mobile=&#8221;on&#8221; src=&#8221;https:\/\/kyma.lt\/wp-content\/uploads\/2015\/07\/dddd.jpg&#8221;]<\/p>\n<p>[\/et_pb_image][\/et_pb_column][\/et_pb_row][et_pb_row admin_label=&#8221;row&#8221; make_fullwidth=&#8221;on&#8221; use_custom_width=&#8221;off&#8221; custom_width=&#8221;80&#8243; padding_mobile=&#8221;off&#8221; background_color=&#8221;rgba(0,0,0,0)&#8221; allow_player_pause=&#8221;off&#8221; parallax=&#8221;off&#8221; parallax_method=&#8221;off&#8221; make_equal=&#8221;on&#8221; background_color_1=&#8221;rgba(0,0,0,0)&#8221; background_color_2=&#8221;rgba(0,0,0,0)&#8221; padding_top=&#8221;0&#8243; width_unit=&#8221;on&#8221; custom_padding=&#8221;0|0&#8243; use_custom_gutter=&#8221;on&#8221; gutter_width=&#8221;1&#8243; custom_width_px=&#8221;800&#8243;][et_pb_column type=&#8221;1_2&#8243;][et_pb_image admin_label=&#8221;Image&#8221; show_in_lightbox=&#8221;off&#8221; url_new_window=&#8221;off&#8221; animation=&#8221;off&#8221; sticky=&#8221;on&#8221; align=&#8221;right&#8221; use_border_color=&#8221;off&#8221; border_color=&#8221;#ffffff&#8221; border_style=&#8221;solid&#8221; force_fullwidth=&#8221;on&#8221; always_center_on_mobile=&#8221;on&#8221; src=&#8221;https:\/\/kyma.lt\/wp-content\/uploads\/2015\/07\/ccccc.jpg&#8221;]<\/p>\n<p>[\/et_pb_image][\/et_pb_column][et_pb_column type=&#8221;1_2&#8243;][et_pb_text admin_label=&#8221;Text&#8221; background_layout=&#8221;light&#8221; text_orientation=&#8221;justified&#8221; font_select=&#8221;default&#8221; text_size=&#8221;14px&#8221; text_color=&#8221;#7d776f&#8221; letter_spacing=&#8221;0px&#8221; line_height=&#8221;1.7em&#8221; use_border_color=&#8221;off&#8221; border_color=&#8221;#ffffff&#8221; border_style=&#8221;solid&#8221; custom_margin=&#8221;40px|30px||30px&#8221; text_font_size=&#8221;16&#8243;]<\/p>\n<h2>Corner bathtubs<\/h2>\n<p>Corner bathtub is designed for larger bathrooms. Due to its very large internal space, it is very convenient to bathe for tall people. In these bathtubs a practical seat is made. You can put goods or sit on it while bathing. All KYMA corner bathtubs can be equipped with massage system.<\/p>\n<p>[\/et_pb_text][et_pb_cta admin_label=&#8221;Call To Action&#8221; url_new_window=&#8221;off&#8221; use_background_color=&#8221;off&#8221; background_color=&#8221;#2fb5c4&#8243; background_layout=&#8221;light&#8221; text_orientation=&#8221;left&#8221; use_border_color=&#8221;off&#8221; border_color=&#8221;#ffffff&#8221; border_style=&#8221;solid&#8221; custom_button=&#8221;on&#8221; button_letter_spacing=&#8221;1&#8243; button_use_icon=&#8221;default&#8221; button_icon_placement=&#8221;right&#8221; button_on_hover=&#8221;on&#8221; button_letter_spacing_hover=&#8221;0&#8243; custom_margin=&#8221;|||30px&#8221; button_text_size=&#8221;12&#8243; button_bg_color=&#8221;#598492&#8243; button_icon=&#8221;%%3%%&#8221; button_text_color_hover=&#8221;rgba(255,255,255,0.44)&#8221; button_url=&#8221;https:\/\/kyma.lt\/en\/kyma-bathtubs\/corner-bathtubs\/&#8221; header_letter_spacing=&#8221;1px&#8221; button_text_color=&#8221;rgba(255,255,255,0.77)&#8221; button_text=&#8221;More&#8221; button_border_color=&#8221;#598492&#8243;]<\/p>\n<p>[\/et_pb_cta][\/et_pb_column][\/et_pb_row][\/et_pb_section]<\/p>\n","protected":false},"excerpt":{"rendered":"<p>KYMA All products comply with EC standards compliance. KYMA products meet the highest manufacturer for acrylic baths requirements, so their products provide a 10 year warranty. Acrylic bathtubs are made by thermoforming. Their production is used only the market leader in sanitary LUCITE 4-5mm acrylic sheet. Cast acrylic bath surface is glossy, warm, easy to [&hellip;]<\/p>\n","protected":false},"author":4,"featured_media":0,"parent":0,"menu_order":0,"comment_status":"open","ping_status":"open","template":"","meta":{"_et_pb_use_builder":"on","_et_pb_old_content":"","_et_gb_content_width":"","_exactmetrics_skip_tracking":false,"_exactmetrics_sitenote_active":false,"_exactmetrics_sitenote_note":"","_exactmetrics_sitenote_category":0,"footnotes":""},"yoast_head":"<!-- This site is optimized with the Yoast SEO plugin v22.6 - https:\/\/yoast.com\/wordpress\/plugins\/seo\/ -->\n<title>KYMA bathtubs<\/title>\n<meta name=\"description\" content=\"KYMA products meet the highest manufacturer for acrylic baths requirements, so their products provide a 10 year warranty.\" \/>\n<meta name=\"robots\" content=\"index, follow, max-snippet:-1, max-image-preview:large, max-video-preview:-1\" \/>\n<link rel=\"canonical\" href=\"https:\/\/kyma.lt\/en\/kyma-bathtubs\/\" \/>\n<meta property=\"og:locale\" content=\"en_US\" \/>\n<meta property=\"og:type\" content=\"article\" \/>\n<meta property=\"og:title\" content=\"KYMA bathtubs\" \/>\n<meta property=\"og:description\" content=\"KYMA products meet the highest manufacturer for acrylic baths requirements, so their products provide a 10 year warranty.\" \/>\n<meta property=\"og:url\" content=\"https:\/\/kyma.lt\/en\/kyma-bathtubs\/\" \/>\n<meta property=\"og:site_name\" content=\"KYMA vonios, masa\u017ein\u0117s voni\u0173 sistemos\" \/>\n<meta property=\"article:modified_time\" content=\"2016-05-31T13:59:20+00:00\" \/>\n<meta name=\"twitter:card\" content=\"summary_large_image\" \/>\n<meta name=\"twitter:label1\" content=\"Est. reading time\" \/>\n\t<meta name=\"twitter:data1\" content=\"8 minutes\" \/>\n<script type=\"application\/ld+json\" class=\"yoast-schema-graph\">{\"@context\":\"https:\/\/schema.org\",\"@graph\":[{\"@type\":\"WebPage\",\"@id\":\"https:\/\/kyma.lt\/en\/kyma-bathtubs\/\",\"url\":\"https:\/\/kyma.lt\/en\/kyma-bathtubs\/\",\"name\":\"KYMA bathtubs\",\"isPartOf\":{\"@id\":\"https:\/\/kyma.lt\/en\/#website\"},\"datePublished\":\"2015-07-18T19:49:42+00:00\",\"dateModified\":\"2016-05-31T13:59:20+00:00\",\"description\":\"KYMA products meet the highest manufacturer for acrylic baths requirements, so their products provide a 10 year warranty.\",\"breadcrumb\":{\"@id\":\"https:\/\/kyma.lt\/en\/kyma-bathtubs\/#breadcrumb\"},\"inLanguage\":\"en-US\",\"potentialAction\":[{\"@type\":\"ReadAction\",\"target\":[\"https:\/\/kyma.lt\/en\/kyma-bathtubs\/\"]}]},{\"@type\":\"BreadcrumbList\",\"@id\":\"https:\/\/kyma.lt\/en\/kyma-bathtubs\/#breadcrumb\",\"itemListElement\":[{\"@type\":\"ListItem\",\"position\":1,\"name\":\"Home\",\"item\":\"https:\/\/kyma.lt\/en\/\"},{\"@type\":\"ListItem\",\"position\":2,\"name\":\"Kyma bathtubs\"}]},{\"@type\":\"WebSite\",\"@id\":\"https:\/\/kyma.lt\/en\/#website\",\"url\":\"https:\/\/kyma.lt\/en\/\",\"name\":\"KYMA vonios, masa\u017ein\u0117s voni\u0173 sistemos\",\"description\":\"\",\"alternateName\":\"KYMA\",\"potentialAction\":[{\"@type\":\"SearchAction\",\"target\":{\"@type\":\"EntryPoint\",\"urlTemplate\":\"https:\/\/kyma.lt\/en\/?s={search_term_string}\"},\"query-input\":\"required name=search_term_string\"}],\"inLanguage\":\"en-US\"}]}<\/script>\n<!-- \/ Yoast SEO plugin. -->","yoast_head_json":{"title":"KYMA bathtubs","description":"KYMA products meet the highest manufacturer for acrylic baths requirements, so their products provide a 10 year warranty.","robots":{"index":"index","follow":"follow","max-snippet":"max-snippet:-1","max-image-preview":"max-image-preview:large","max-video-preview":"max-video-preview:-1"},"canonical":"https:\/\/kyma.lt\/en\/kyma-bathtubs\/","og_locale":"en_US","og_type":"article","og_title":"KYMA bathtubs","og_description":"KYMA products meet the highest manufacturer for acrylic baths requirements, so their products provide a 10 year warranty.","og_url":"https:\/\/kyma.lt\/en\/kyma-bathtubs\/","og_site_name":"KYMA vonios, masa\u017ein\u0117s voni\u0173 sistemos","article_modified_time":"2016-05-31T13:59:20+00:00","twitter_card":"summary_large_image","twitter_misc":{"Est. reading time":"8 minutes"},"schema":{"@context":"https:\/\/schema.org","@graph":[{"@type":"WebPage","@id":"https:\/\/kyma.lt\/en\/kyma-bathtubs\/","url":"https:\/\/kyma.lt\/en\/kyma-bathtubs\/","name":"KYMA bathtubs","isPartOf":{"@id":"https:\/\/kyma.lt\/en\/#website"},"datePublished":"2015-07-18T19:49:42+00:00","dateModified":"2016-05-31T13:59:20+00:00","description":"KYMA products meet the highest manufacturer for acrylic baths requirements, so their products provide a 10 year warranty.","breadcrumb":{"@id":"https:\/\/kyma.lt\/en\/kyma-bathtubs\/#breadcrumb"},"inLanguage":"en-US","potentialAction":[{"@type":"ReadAction","target":["https:\/\/kyma.lt\/en\/kyma-bathtubs\/"]}]},{"@type":"BreadcrumbList","@id":"https:\/\/kyma.lt\/en\/kyma-bathtubs\/#breadcrumb","itemListElement":[{"@type":"ListItem","position":1,"name":"Home","item":"https:\/\/kyma.lt\/en\/"},{"@type":"ListItem","position":2,"name":"Kyma bathtubs"}]},{"@type":"WebSite","@id":"https:\/\/kyma.lt\/en\/#website","url":"https:\/\/kyma.lt\/en\/","name":"KYMA vonios, masa\u017ein\u0117s voni\u0173 sistemos","description":"","alternateName":"KYMA","potentialAction":[{"@type":"SearchAction","target":{"@type":"EntryPoint","urlTemplate":"https:\/\/kyma.lt\/en\/?s={search_term_string}"},"query-input":"required name=search_term_string"}],"inLanguage":"en-US"}]}},"_links":{"self":[{"href":"https:\/\/kyma.lt\/en\/wp-json\/wp\/v2\/pages\/11458\/"}],"collection":[{"href":"https:\/\/kyma.lt\/en\/wp-json\/wp\/v2\/pages\/"}],"about":[{"href":"https:\/\/kyma.lt\/en\/wp-json\/wp\/v2\/types\/page\/"}],"author":[{"embeddable":true,"href":"https:\/\/kyma.lt\/en\/wp-json\/wp\/v2\/users\/4\/"}],"replies":[{"embeddable":true,"href":"https:\/\/kyma.lt\/en\/wp-json\/wp\/v2\/comments\/?post=11458"}],"version-history":[{"count":5,"href":"https:\/\/kyma.lt\/en\/wp-json\/wp\/v2\/pages\/11458\/revisions\/"}],"predecessor-version":[{"id":11988,"href":"https:\/\/kyma.lt\/en\/wp-json\/wp\/v2\/pages\/11458\/revisions\/11988\/"}],"wp:attachment":[{"href":"https:\/\/kyma.lt\/en\/wp-json\/wp\/v2\/media\/?parent=11458"}],"curies":[{"name":"wp","href":"https:\/\/api.w.org\/{rel}","templated":true}]}}