{"id":11473,"date":"2015-07-21T16:21:35","date_gmt":"2015-07-21T13:21:35","guid":{"rendered":"http:\/\/kyma.lt\/en\/titulinis\/"},"modified":"2016-05-31T15:57:42","modified_gmt":"2016-05-31T12:57:42","slug":"kyma-vonios","status":"publish","type":"page","link":"https:\/\/kyma.lt\/en\/","title":{"rendered":"KYMA VONIOS"},"content":{"rendered":"<p>[et_pb_section admin_label=&#8221;section&#8221; fullwidth=&#8221;on&#8221; specialty=&#8221;off&#8221; transparent_background=&#8221;off&#8221; allow_player_pause=&#8221;off&#8221; inner_shadow=&#8221;off&#8221; parallax=&#8221;off&#8221; parallax_method=&#8221;off&#8221; padding_mobile=&#8221;off&#8221; make_fullwidth=&#8221;off&#8221; use_custom_width=&#8221;off&#8221; width_unit=&#8221;on&#8221; make_equal=&#8221;off&#8221; use_custom_gutter=&#8221;off&#8221;][et_pb_fullwidth_header admin_label=&#8221;Fullwidth Header&#8221; background_layout=&#8221;dark&#8221; text_orientation=&#8221;center&#8221; header_fullscreen=&#8221;on&#8221; header_scroll_down=&#8221;on&#8221; parallax=&#8221;on&#8221; parallax_method=&#8221;on&#8221; content_orientation=&#8221;center&#8221; image_orientation=&#8221;center&#8221; custom_button_one=&#8221;off&#8221; button_one_letter_spacing=&#8221;0&#8243; button_one_use_icon=&#8221;default&#8221; button_one_icon_placement=&#8221;right&#8221; button_one_on_hover=&#8221;on&#8221; button_one_letter_spacing_hover=&#8221;0&#8243; custom_button_two=&#8221;off&#8221; button_two_letter_spacing=&#8221;0&#8243; button_two_use_icon=&#8221;default&#8221; button_two_icon_placement=&#8221;right&#8221; button_two_on_hover=&#8221;on&#8221; button_two_letter_spacing_hover=&#8221;0&#8243; scroll_down_icon=&#8221;%%1%%&#8221; title=&#8221;KYMA BATHTUBS&#8221; subhead=&#8221;WHIRPOOL SYSTEM&#8221; title_font=&#8221;|on|||&#8221; subhead_font=&#8221;|on|||&#8221; subhead_font_size=&#8221;24px&#8221; title_font_color=&#8221;#ffffff&#8221; scroll_down_icon_color=&#8221;#ffffff&#8221; background_overlay_color=&#8221;rgba(30,115,190,0.19)&#8221; background_url=&#8221;https:\/\/kyma.lt\/wp-content\/uploads\/2015\/07\/White-Bathtub-And-White-Interior-In-Bathroom.jpg&#8221;]<\/p>\n<p>[\/et_pb_fullwidth_header][\/et_pb_section][et_pb_section admin_label=&#8221;section&#8221; fullwidth=&#8221;off&#8221; specialty=&#8221;off&#8221;][et_pb_row admin_label=&#8221;row&#8221; make_fullwidth=&#8221;off&#8221; use_custom_width=&#8221;off&#8221; width_unit=&#8221;on&#8221; use_custom_gutter=&#8221;off&#8221; padding_mobile=&#8221;off&#8221; module_id=&#8221;apie-mus&#8221; allow_player_pause=&#8221;off&#8221; parallax=&#8221;off&#8221; parallax_method=&#8221;off&#8221; make_equal=&#8221;off&#8221;][et_pb_column type=&#8221;4_4&#8243;][et_pb_text admin_label=&#8221;Text&#8221; background_layout=&#8221;light&#8221; text_orientation=&#8221;left&#8221; use_border_color=&#8221;off&#8221; border_color=&#8221;#ffffff&#8221; border_style=&#8221;solid&#8221; text_font_size=&#8221;16&#8243;]<\/p>\n<h2 style=\"text-align: center;\">KYMA bathtubs &#8211; About us<\/h2>\n<p style=\"text-align: center;\">&#8220;KYMA&#8221; brand to introduce you to Lithuania since 1998. JSC &#8220;POLIPLASTAS is made of high quality acrylic baths and massage function. Many years of know-how, new and high technology and skilled employees we have developed a high-quality ergonomic, modern design products. In manufacturing the highest quality English company LUCITE cast sanitary acrylic. Massage systems used in the leading Austrian company KOLLER components. We try to meet every customer&#8217;s expectations, we are aware that only satisfied and happy customer to ensure a successful company.<\/p>\n<p>[\/et_pb_text][\/et_pb_column][\/et_pb_row][\/et_pb_section]<\/p>\n","protected":false},"excerpt":{"rendered":"<p>KYMA bathtubs &#8211; About us &#8220;KYMA&#8221; brand to introduce you to Lithuania since 1998. JSC &#8220;POLIPLASTAS is made of high quality acrylic baths and massage function. Many years of know-how, new and high technology and skilled employees we have developed a high-quality ergonomic, modern design products. In manufacturing the highest quality English company LUCITE cast [&hellip;]<\/p>\n","protected":false},"author":4,"featured_media":0,"parent":0,"menu_order":1,"comment_status":"open","ping_status":"closed","template":"","meta":{"_et_pb_use_builder":"on","_et_pb_old_content":"","_et_gb_content_width":"","_exactmetrics_skip_tracking":false,"_exactmetrics_sitenote_active":false,"_exactmetrics_sitenote_note":"","_exactmetrics_sitenote_category":0,"footnotes":""},"yoast_head":"<!-- This site is optimized with the Yoast SEO plugin v22.6 - https:\/\/yoast.com\/wordpress\/plugins\/seo\/ -->\n<title>KYMA BATHTUBS<\/title>\n<meta name=\"description\" content=\"Many years of know-how, new and high technology and skilled employees we have developed a high-quality ergonomic, modern design products.\" \/>\n<meta name=\"robots\" content=\"index, follow, max-snippet:-1, max-image-preview:large, max-video-preview:-1\" \/>\n<link rel=\"canonical\" href=\"https:\/\/kyma.lt\/en\/\" \/>\n<meta property=\"og:locale\" content=\"en_US\" \/>\n<meta property=\"og:type\" content=\"article\" \/>\n<meta property=\"og:title\" content=\"KYMA BATHTUBS\" \/>\n<meta property=\"og:description\" content=\"Many years of know-how, new and high technology and skilled employees we have developed a high-quality ergonomic, modern design products.\" \/>\n<meta property=\"og:url\" content=\"https:\/\/kyma.lt\/en\/\" \/>\n<meta property=\"og:site_name\" content=\"KYMA vonios, masa\u017ein\u0117s voni\u0173 sistemos\" \/>\n<meta property=\"article:modified_time\" content=\"2016-05-31T12:57:42+00:00\" \/>\n<meta name=\"twitter:card\" content=\"summary_large_image\" \/>\n<meta name=\"twitter:label1\" content=\"Est. reading time\" \/>\n\t<meta name=\"twitter:data1\" content=\"2 minutes\" \/>\n<script type=\"application\/ld+json\" class=\"yoast-schema-graph\">{\"@context\":\"https:\/\/schema.org\",\"@graph\":[{\"@type\":\"WebPage\",\"@id\":\"https:\/\/kyma.lt\/en\/\",\"url\":\"https:\/\/kyma.lt\/en\/\",\"name\":\"KYMA BATHTUBS\",\"isPartOf\":{\"@id\":\"https:\/\/kyma.lt\/en\/#website\"},\"datePublished\":\"2015-07-21T13:21:35+00:00\",\"dateModified\":\"2016-05-31T12:57:42+00:00\",\"description\":\"Many years of know-how, new and high technology and skilled employees we have developed a high-quality ergonomic, modern design products.\",\"breadcrumb\":{\"@id\":\"https:\/\/kyma.lt\/en\/#breadcrumb\"},\"inLanguage\":\"en-US\",\"potentialAction\":[{\"@type\":\"ReadAction\",\"target\":[\"https:\/\/kyma.lt\/en\/\"]}]},{\"@type\":\"BreadcrumbList\",\"@id\":\"https:\/\/kyma.lt\/en\/#breadcrumb\",\"itemListElement\":[{\"@type\":\"ListItem\",\"position\":1,\"name\":\"Home\",\"item\":\"https:\/\/kyma.lt\/en\/\"},{\"@type\":\"ListItem\",\"position\":2,\"name\":\"KYMA VONIOS\"}]},{\"@type\":\"WebSite\",\"@id\":\"https:\/\/kyma.lt\/en\/#website\",\"url\":\"https:\/\/kyma.lt\/en\/\",\"name\":\"KYMA vonios, masa\u017ein\u0117s voni\u0173 sistemos\",\"description\":\"\",\"alternateName\":\"KYMA\",\"potentialAction\":[{\"@type\":\"SearchAction\",\"target\":{\"@type\":\"EntryPoint\",\"urlTemplate\":\"https:\/\/kyma.lt\/en\/?s={search_term_string}\"},\"query-input\":\"required name=search_term_string\"}],\"inLanguage\":\"en-US\"}]}<\/script>\n<!-- \/ Yoast SEO plugin. -->","yoast_head_json":{"title":"KYMA BATHTUBS","description":"Many years of know-how, new and high technology and skilled employees we have developed a high-quality ergonomic, modern design products.","robots":{"index":"index","follow":"follow","max-snippet":"max-snippet:-1","max-image-preview":"max-image-preview:large","max-video-preview":"max-video-preview:-1"},"canonical":"https:\/\/kyma.lt\/en\/","og_locale":"en_US","og_type":"article","og_title":"KYMA BATHTUBS","og_description":"Many years of know-how, new and high technology and skilled employees we have developed a high-quality ergonomic, modern design products.","og_url":"https:\/\/kyma.lt\/en\/","og_site_name":"KYMA vonios, masa\u017ein\u0117s voni\u0173 sistemos","article_modified_time":"2016-05-31T12:57:42+00:00","twitter_card":"summary_large_image","twitter_misc":{"Est. reading time":"2 minutes"},"schema":{"@context":"https:\/\/schema.org","@graph":[{"@type":"WebPage","@id":"https:\/\/kyma.lt\/en\/","url":"https:\/\/kyma.lt\/en\/","name":"KYMA BATHTUBS","isPartOf":{"@id":"https:\/\/kyma.lt\/en\/#website"},"datePublished":"2015-07-21T13:21:35+00:00","dateModified":"2016-05-31T12:57:42+00:00","description":"Many years of know-how, new and high technology and skilled employees we have developed a high-quality ergonomic, modern design products.","breadcrumb":{"@id":"https:\/\/kyma.lt\/en\/#breadcrumb"},"inLanguage":"en-US","potentialAction":[{"@type":"ReadAction","target":["https:\/\/kyma.lt\/en\/"]}]},{"@type":"BreadcrumbList","@id":"https:\/\/kyma.lt\/en\/#breadcrumb","itemListElement":[{"@type":"ListItem","position":1,"name":"Home","item":"https:\/\/kyma.lt\/en\/"},{"@type":"ListItem","position":2,"name":"KYMA VONIOS"}]},{"@type":"WebSite","@id":"https:\/\/kyma.lt\/en\/#website","url":"https:\/\/kyma.lt\/en\/","name":"KYMA vonios, masa\u017ein\u0117s voni\u0173 sistemos","description":"","alternateName":"KYMA","potentialAction":[{"@type":"SearchAction","target":{"@type":"EntryPoint","urlTemplate":"https:\/\/kyma.lt\/en\/?s={search_term_string}"},"query-input":"required name=search_term_string"}],"inLanguage":"en-US"}]}},"_links":{"self":[{"href":"https:\/\/kyma.lt\/en\/wp-json\/wp\/v2\/pages\/11473\/"}],"collection":[{"href":"https:\/\/kyma.lt\/en\/wp-json\/wp\/v2\/pages\/"}],"about":[{"href":"https:\/\/kyma.lt\/en\/wp-json\/wp\/v2\/types\/page\/"}],"author":[{"embeddable":true,"href":"https:\/\/kyma.lt\/en\/wp-json\/wp\/v2\/users\/4\/"}],"replies":[{"embeddable":true,"href":"https:\/\/kyma.lt\/en\/wp-json\/wp\/v2\/comments\/?post=11473"}],"version-history":[{"count":3,"href":"https:\/\/kyma.lt\/en\/wp-json\/wp\/v2\/pages\/11473\/revisions\/"}],"predecessor-version":[{"id":11863,"href":"https:\/\/kyma.lt\/en\/wp-json\/wp\/v2\/pages\/11473\/revisions\/11863\/"}],"wp:attachment":[{"href":"https:\/\/kyma.lt\/en\/wp-json\/wp\/v2\/media\/?parent=11473"}],"curies":[{"name":"wp","href":"https:\/\/api.w.org\/{rel}","templated":true}]}}