{"id":11474,"date":"2015-07-09T23:05:23","date_gmt":"2015-07-09T20:05:23","guid":{"rendered":"http:\/\/kyma.lt\/en\/kontaktai\/"},"modified":"2024-09-27T09:25:31","modified_gmt":"2024-09-27T06:25:31","slug":"contacts","status":"publish","type":"page","link":"https:\/\/kyma.lt\/en\/contacts\/","title":{"rendered":"Contacts"},"content":{"rendered":"<p>[et_pb_section fb_built=&#8221;1&#8243; _builder_version=&#8221;4.16&#8243; global_colors_info=&#8221;{}&#8221;][et_pb_row column_structure=&#8221;1_2,1_2&#8243; _builder_version=&#8221;4.16&#8243; background_size=&#8221;initial&#8221; background_position=&#8221;top_left&#8221; background_repeat=&#8221;repeat&#8221; global_colors_info=&#8221;{}&#8221;][et_pb_column type=&#8221;1_2&#8243; _builder_version=&#8221;4.16&#8243; custom_padding=&#8221;|||&#8221; global_colors_info=&#8221;{}&#8221; custom_padding__hover=&#8221;|||&#8221;][et_pb_text _builder_version=&#8221;4.16&#8243; text_font_size=&#8221;16&#8243; background_size=&#8221;initial&#8221; background_position=&#8221;top_left&#8221; background_repeat=&#8221;repeat&#8221; use_border_color=&#8221;off&#8221; global_colors_info=&#8221;{}&#8221;]<\/p>\n<p><strong>JSC \u201cPOLIPLASTAS\u201d<br \/><\/strong>Adress: G\u0117li\u0173 g. 97, Tabari\u0161ki\u0173\u00a0kaimas, Ringaud\u0173 seni\u016bnija<br \/>LT-53334 Kauno raj.<\/p>\n<p>Working hours:<br \/>I-V 08.00. \u2013 17.00 val<\/p>\n<p>Tel.:\u00a0+370 37 380861<br \/>Mob. Tel. + 370 683 50937<br \/><a href=\"mailto:sales@poliplastas.lt\" target=\"_blank\" rel=\"noopener noreferrer\">sales@poliplastas.lt<\/a><\/p>\n<p>Accountant<br \/>Tel. + 370 37 430368<\/p>\n<p>[\/et_pb_text][\/et_pb_column][et_pb_column type=&#8221;1_2&#8243; _builder_version=&#8221;4.16&#8243; custom_padding=&#8221;|||&#8221; global_colors_info=&#8221;{}&#8221; custom_padding__hover=&#8221;|||&#8221;][et_pb_text _builder_version=&#8221;4.16&#8243; background_size=&#8221;initial&#8221; background_position=&#8221;top_left&#8221; background_repeat=&#8221;repeat&#8221; use_border_color=&#8221;off&#8221; border_color=&#8221;#ffffff&#8221; border_style=&#8221;solid&#8221; global_colors_info=&#8221;{}&#8221;]<iframe src=\"https:\/\/www.google.com\/maps\/embed?pb=!1m18!1m12!1m3!1d121856.83444742982!2d23.38258907124598!3d54.84673061148916!2m3!1f0!2f0!3f0!3m2!1i1024!2i768!4f13.1!3m3!1m2!1s0x46e72107301f3641%3A0xb5bb3f445c55734b!2sPoliplastas!5e0!3m2!1slt!2slt!4v1634229899651!5m2!1slt!2slt\" width=\"600\" height=\"450\" style=\"border:0;\" allowfullscreen=\"\" loading=\"lazy\"><\/iframe>[\/et_pb_text][\/et_pb_column][\/et_pb_row][\/et_pb_section]<\/p>\n","protected":false},"excerpt":{"rendered":"<p>JSC \u201cPOLIPLASTAS\u201dAdress: G\u0117li\u0173 g. 97, Tabari\u0161ki\u0173\u00a0kaimas, Ringaud\u0173 seni\u016bnijaLT-53334 Kauno raj. Working hours:I-V 08.00. \u2013 17.00 val Tel.:\u00a0+370 37 380861Mob. Tel. + 370 683 50937sales@poliplastas.lt AccountantTel. + 370 37 430368<\/p>\n","protected":false},"author":4,"featured_media":0,"parent":0,"menu_order":9,"comment_status":"open","ping_status":"closed","template":"","meta":{"_et_pb_use_builder":"on","_et_pb_old_content":"","_et_gb_content_width":"","_exactmetrics_skip_tracking":false,"_exactmetrics_sitenote_active":false,"_exactmetrics_sitenote_note":"","_exactmetrics_sitenote_category":0,"footnotes":""},"yoast_head":"<!-- This site is optimized with the Yoast SEO plugin v22.6 - https:\/\/yoast.com\/wordpress\/plugins\/seo\/ -->\n<title>Contacts - KYMA vonios, masa\u017ein\u0117s voni\u0173 sistemos<\/title>\n<meta name=\"description\" content=\"UAB \u201cPOLIPLASTAS\u201d - Adresas: Nemuno g. 3, Rokai, Kauno raj., LT- 46159. Tel.: +37037380861\" \/>\n<meta name=\"robots\" content=\"index, follow, max-snippet:-1, max-image-preview:large, max-video-preview:-1\" \/>\n<link rel=\"canonical\" href=\"https:\/\/kyma.lt\/en\/contacts\/\" \/>\n<meta property=\"og:locale\" content=\"en_US\" \/>\n<meta property=\"og:type\" content=\"article\" \/>\n<meta property=\"og:title\" content=\"Contacts - KYMA vonios, masa\u017ein\u0117s voni\u0173 sistemos\" \/>\n<meta property=\"og:description\" content=\"UAB \u201cPOLIPLASTAS\u201d - Adresas: Nemuno g. 3, Rokai, Kauno raj., LT- 46159. Tel.: +37037380861\" \/>\n<meta property=\"og:url\" content=\"https:\/\/kyma.lt\/en\/contacts\/\" \/>\n<meta property=\"og:site_name\" content=\"KYMA vonios, masa\u017ein\u0117s voni\u0173 sistemos\" \/>\n<meta property=\"article:modified_time\" content=\"2024-09-27T06:25:31+00:00\" \/>\n<meta name=\"twitter:card\" content=\"summary_large_image\" \/>\n<meta name=\"twitter:label1\" content=\"Est. reading time\" \/>\n\t<meta name=\"twitter:data1\" content=\"1 minute\" \/>\n<script type=\"application\/ld+json\" class=\"yoast-schema-graph\">{\"@context\":\"https:\/\/schema.org\",\"@graph\":[{\"@type\":\"WebPage\",\"@id\":\"https:\/\/kyma.lt\/en\/contacts\/\",\"url\":\"https:\/\/kyma.lt\/en\/contacts\/\",\"name\":\"Contacts - KYMA vonios, masa\u017ein\u0117s voni\u0173 sistemos\",\"isPartOf\":{\"@id\":\"https:\/\/kyma.lt\/en\/#website\"},\"datePublished\":\"2015-07-09T20:05:23+00:00\",\"dateModified\":\"2024-09-27T06:25:31+00:00\",\"description\":\"UAB \u201cPOLIPLASTAS\u201d - Adresas: Nemuno g. 3, Rokai, Kauno raj., LT- 46159. Tel.: +37037380861\",\"breadcrumb\":{\"@id\":\"https:\/\/kyma.lt\/en\/contacts\/#breadcrumb\"},\"inLanguage\":\"en-US\",\"potentialAction\":[{\"@type\":\"ReadAction\",\"target\":[\"https:\/\/kyma.lt\/en\/contacts\/\"]}]},{\"@type\":\"BreadcrumbList\",\"@id\":\"https:\/\/kyma.lt\/en\/contacts\/#breadcrumb\",\"itemListElement\":[{\"@type\":\"ListItem\",\"position\":1,\"name\":\"Home\",\"item\":\"https:\/\/kyma.lt\/en\/\"},{\"@type\":\"ListItem\",\"position\":2,\"name\":\"Contacts\"}]},{\"@type\":\"WebSite\",\"@id\":\"https:\/\/kyma.lt\/en\/#website\",\"url\":\"https:\/\/kyma.lt\/en\/\",\"name\":\"KYMA vonios, masa\u017ein\u0117s voni\u0173 sistemos\",\"description\":\"\",\"alternateName\":\"KYMA\",\"potentialAction\":[{\"@type\":\"SearchAction\",\"target\":{\"@type\":\"EntryPoint\",\"urlTemplate\":\"https:\/\/kyma.lt\/en\/?s={search_term_string}\"},\"query-input\":\"required name=search_term_string\"}],\"inLanguage\":\"en-US\"}]}<\/script>\n<!-- \/ Yoast SEO plugin. -->","yoast_head_json":{"title":"Contacts - KYMA vonios, masa\u017ein\u0117s voni\u0173 sistemos","description":"UAB \u201cPOLIPLASTAS\u201d - Adresas: Nemuno g. 3, Rokai, Kauno raj., LT- 46159. Tel.: +37037380861","robots":{"index":"index","follow":"follow","max-snippet":"max-snippet:-1","max-image-preview":"max-image-preview:large","max-video-preview":"max-video-preview:-1"},"canonical":"https:\/\/kyma.lt\/en\/contacts\/","og_locale":"en_US","og_type":"article","og_title":"Contacts - KYMA vonios, masa\u017ein\u0117s voni\u0173 sistemos","og_description":"UAB \u201cPOLIPLASTAS\u201d - Adresas: Nemuno g. 3, Rokai, Kauno raj., LT- 46159. Tel.: +37037380861","og_url":"https:\/\/kyma.lt\/en\/contacts\/","og_site_name":"KYMA vonios, masa\u017ein\u0117s voni\u0173 sistemos","article_modified_time":"2024-09-27T06:25:31+00:00","twitter_card":"summary_large_image","twitter_misc":{"Est. reading time":"1 minute"},"schema":{"@context":"https:\/\/schema.org","@graph":[{"@type":"WebPage","@id":"https:\/\/kyma.lt\/en\/contacts\/","url":"https:\/\/kyma.lt\/en\/contacts\/","name":"Contacts - KYMA vonios, masa\u017ein\u0117s voni\u0173 sistemos","isPartOf":{"@id":"https:\/\/kyma.lt\/en\/#website"},"datePublished":"2015-07-09T20:05:23+00:00","dateModified":"2024-09-27T06:25:31+00:00","description":"UAB \u201cPOLIPLASTAS\u201d - Adresas: Nemuno g. 3, Rokai, Kauno raj., LT- 46159. Tel.: +37037380861","breadcrumb":{"@id":"https:\/\/kyma.lt\/en\/contacts\/#breadcrumb"},"inLanguage":"en-US","potentialAction":[{"@type":"ReadAction","target":["https:\/\/kyma.lt\/en\/contacts\/"]}]},{"@type":"BreadcrumbList","@id":"https:\/\/kyma.lt\/en\/contacts\/#breadcrumb","itemListElement":[{"@type":"ListItem","position":1,"name":"Home","item":"https:\/\/kyma.lt\/en\/"},{"@type":"ListItem","position":2,"name":"Contacts"}]},{"@type":"WebSite","@id":"https:\/\/kyma.lt\/en\/#website","url":"https:\/\/kyma.lt\/en\/","name":"KYMA vonios, masa\u017ein\u0117s voni\u0173 sistemos","description":"","alternateName":"KYMA","potentialAction":[{"@type":"SearchAction","target":{"@type":"EntryPoint","urlTemplate":"https:\/\/kyma.lt\/en\/?s={search_term_string}"},"query-input":"required name=search_term_string"}],"inLanguage":"en-US"}]}},"_links":{"self":[{"href":"https:\/\/kyma.lt\/en\/wp-json\/wp\/v2\/pages\/11474\/"}],"collection":[{"href":"https:\/\/kyma.lt\/en\/wp-json\/wp\/v2\/pages\/"}],"about":[{"href":"https:\/\/kyma.lt\/en\/wp-json\/wp\/v2\/types\/page\/"}],"author":[{"embeddable":true,"href":"https:\/\/kyma.lt\/en\/wp-json\/wp\/v2\/users\/4\/"}],"replies":[{"embeddable":true,"href":"https:\/\/kyma.lt\/en\/wp-json\/wp\/v2\/comments\/?post=11474"}],"version-history":[{"count":10,"href":"https:\/\/kyma.lt\/en\/wp-json\/wp\/v2\/pages\/11474\/revisions\/"}],"predecessor-version":[{"id":13107,"href":"https:\/\/kyma.lt\/en\/wp-json\/wp\/v2\/pages\/11474\/revisions\/13107\/"}],"wp:attachment":[{"href":"https:\/\/kyma.lt\/en\/wp-json\/wp\/v2\/media\/?parent=11474"}],"curies":[{"name":"wp","href":"https:\/\/api.w.org\/{rel}","templated":true}]}}