{"id":12164,"date":"2017-05-04T12:03:07","date_gmt":"2017-05-04T09:03:07","guid":{"rendered":"http:\/\/kyma.lt\/kyma-bathtubs\/rectangular-bathtubs\/ieva\/"},"modified":"2023-02-28T11:56:51","modified_gmt":"2023-02-28T09:56:51","slug":"ieva","status":"publish","type":"page","link":"https:\/\/kyma.lt\/en\/kyma-bathtubs\/rectangular-bathtubs\/ieva\/","title":{"rendered":"Ieva"},"content":{"rendered":"<p>[et_pb_section fb_built=&#8221;1&#8243; fullwidth=&#8221;on&#8221; custom_padding_last_edited=&#8221;on|desktop&#8221; admin_label=&#8221;section&#8221; _builder_version=&#8221;3.22.3&#8243; background_color=&#8221;#598492&#8243; custom_padding_tablet=&#8221;50px|0|50px|0&#8243; transparent_background=&#8221;off&#8221; padding_mobile=&#8221;off&#8221; make_fullwidth=&#8221;off&#8221; use_custom_width=&#8221;off&#8221; width_unit=&#8221;on&#8221;][et_pb_fullwidth_header title=&#8221;Bathtub Ieva&#8221; text_orientation=&#8221;center&#8221; header_fullscreen=&#8221;on&#8221; logo_image_url=&#8221;https:\/\/kyma.lt\/wp-content\/uploads\/2017\/10\/1.png&#8221; _builder_version=&#8221;3.16&#8243; background_color=&#8221;rgba(255, 255, 255, 0)&#8221; max_width_tablet=&#8221;50px&#8221; button_one_text_size__hover_enabled=&#8221;off&#8221; button_two_text_size__hover_enabled=&#8221;off&#8221; button_one_text_color__hover_enabled=&#8221;off&#8221; button_two_text_color__hover_enabled=&#8221;off&#8221; button_one_border_width__hover_enabled=&#8221;off&#8221; button_two_border_width__hover_enabled=&#8221;off&#8221; button_one_border_color__hover_enabled=&#8221;off&#8221; button_two_border_color__hover_enabled=&#8221;off&#8221; button_one_border_radius__hover_enabled=&#8221;off&#8221; button_two_border_radius__hover_enabled=&#8221;off&#8221; button_one_letter_spacing__hover_enabled=&#8221;off&#8221; button_two_letter_spacing__hover_enabled=&#8221;off&#8221; button_one_bg_color__hover_enabled=&#8221;off&#8221; button_two_bg_color__hover_enabled=&#8221;off&#8221;][\/et_pb_fullwidth_header][\/et_pb_section][et_pb_section fb_built=&#8221;1&#8243; specialty=&#8221;on&#8221; custom_padding_last_edited=&#8221;on|desktop&#8221; admin_label=&#8221;section&#8221; module_class=&#8221; et_pb_specialty_fullwidth&#8221; _builder_version=&#8221;3.22.3&#8243; background_image=&#8221;https:\/\/kyma.lt\/wp-content\/uploads\/2015\/07\/Background.png&#8221; inner_width=&#8221;89%&#8221; inner_width_tablet=&#8221;80%&#8221; inner_width_last_edited=&#8221;on|desktop&#8221; inner_max_width=&#8221;89%&#8221; inner_max_width_tablet=&#8221;80%&#8221; inner_max_width_last_edited=&#8221;on|desktop&#8221; custom_padding_tablet=&#8221;50px|0|50px|0&#8243; transparent_background=&#8221;off&#8221; padding_mobile=&#8221;off&#8221; make_fullwidth=&#8221;on&#8221; use_custom_width=&#8221;off&#8221; width_unit=&#8221;on&#8221;][et_pb_column type=&#8221;3_4&#8243; specialty_columns=&#8221;3&#8243; _builder_version=&#8221;3.0.47&#8243;][et_pb_row_inner _builder_version=&#8221;3.0.47&#8243;][et_pb_column_inner type=&#8221;1_2&#8243; saved_specialty_column_type=&#8221;3_4&#8243; _builder_version=&#8221;3.0.47&#8243;][et_pb_pricing_tables featured_table_background_color=&#8221;rgba(255,255,255,0.25)&#8221; featured_table_header_background_color=&#8221;rgba(255,255,255,0)&#8221; header_background_color=&#8221;rgba(255,255,255,0)&#8221; featured_table_text_color=&#8221;#ffffff&#8221; bullet_color=&#8221;#ffffff&#8221; show_featured_drop_shadow=&#8221;off&#8221; _builder_version=&#8221;3.16&#8243; header_text_color=&#8221;#ffffff&#8221; header_font_size=&#8221;16px&#8221; body_text_color=&#8221;#ffffff&#8221; body_font_size=&#8221;15px&#8221; body_line_height=&#8221;2em&#8221; subheader_font=&#8221;||on&#8221; subheader_text_color=&#8221;#ffffff&#8221; subheader_font_size=&#8221;12&#8243; subheader_letter_spacing=&#8221;1px&#8221; subheader_line_height=&#8221;1.7em&#8221; price_font=&#8221;Raleway Light||&#8221; price_text_color=&#8221;#ffffff&#8221; price_font_size=&#8221;30px&#8221; price_letter_spacing=&#8221;2px&#8221; price_line_height=&#8221;40px&#8221; background_color=&#8221;rgba(255,255,255,0.15)&#8221; border_width_all=&#8221;0px&#8221; border_color_all=&#8221;#ffffff&#8221; border_style_all=&#8221;solid&#8221; custom_button=&#8221;on&#8221; button_text_size=&#8221;20px&#8221; button_text_color=&#8221;#fcfcfc&#8221; button_border_color=&#8221;#ffffff&#8221; custom_css_pricing_heading=&#8221;padding-top: 30px;&#8221; custom_css_pricing_top=&#8221;padding-bottom: 10px;&#8221; remove_featured_drop_shadow=&#8221;on&#8221; use_border_color=&#8221;on&#8221; border_width=&#8221;0px&#8221; border_style=&#8221;solid&#8221; button_letter_spacing_hover=&#8221;0&#8243; saved_tabs=&#8221;all&#8221; button_text_size__hover_enabled=&#8221;off&#8221; button_one_text_size__hover_enabled=&#8221;off&#8221; button_two_text_size__hover_enabled=&#8221;off&#8221; button_text_color__hover_enabled=&#8221;off&#8221; button_one_text_color__hover_enabled=&#8221;off&#8221; button_two_text_color__hover_enabled=&#8221;off&#8221; button_border_width__hover_enabled=&#8221;off&#8221; button_one_border_width__hover_enabled=&#8221;off&#8221; button_two_border_width__hover_enabled=&#8221;off&#8221; button_border_color__hover_enabled=&#8221;off&#8221; button_one_border_color__hover_enabled=&#8221;off&#8221; button_two_border_color__hover_enabled=&#8221;off&#8221; button_border_radius__hover_enabled=&#8221;off&#8221; button_one_border_radius__hover_enabled=&#8221;off&#8221; button_two_border_radius__hover_enabled=&#8221;off&#8221; button_letter_spacing__hover_enabled=&#8221;on&#8221; button_letter_spacing__hover=&#8221;0&#8243; button_one_letter_spacing__hover_enabled=&#8221;off&#8221; button_two_letter_spacing__hover_enabled=&#8221;off&#8221; button_bg_color__hover_enabled=&#8221;off&#8221; button_one_bg_color__hover_enabled=&#8221;off&#8221; button_two_bg_color__hover_enabled=&#8221;off&#8221;][et_pb_pricing_table title=&#8221;Bathtub Ieva&#8221; subtitle=&#8221;| 1700 mm x 940 \/ 700 mm x 620 mm |&#8221; sum=&#8221;520 EUR&#8221; _builder_version=&#8221;3.16&#8243; header_font=&#8221;||||&#8221; body_font=&#8221;||||&#8221; subheader_font=&#8221;||||&#8221; subheader_line_height=&#8221;2em&#8221; subheader_line_height_tablet=&#8221;2em&#8221; subheader_line_height_phone=&#8221;2em&#8221; currency_frequency_font=&#8221;||||&#8221; price_font=&#8221;||||&#8221; button_icon_placement=&#8221;right&#8221; button_on_hover=&#8221;on&#8221; button_text_size__hover_enabled=&#8221;off&#8221; button_one_text_size__hover_enabled=&#8221;off&#8221; button_two_text_size__hover_enabled=&#8221;off&#8221; button_text_color__hover_enabled=&#8221;off&#8221; button_one_text_color__hover_enabled=&#8221;off&#8221; button_two_text_color__hover_enabled=&#8221;off&#8221; button_border_width__hover_enabled=&#8221;off&#8221; button_one_border_width__hover_enabled=&#8221;off&#8221; button_two_border_width__hover_enabled=&#8221;off&#8221; button_border_color__hover_enabled=&#8221;off&#8221; button_one_border_color__hover_enabled=&#8221;off&#8221; button_two_border_color__hover_enabled=&#8221;off&#8221; button_border_radius__hover_enabled=&#8221;off&#8221; button_one_border_radius__hover_enabled=&#8221;off&#8221; button_two_border_radius__hover_enabled=&#8221;off&#8221; button_letter_spacing__hover_enabled=&#8221;off&#8221; button_one_letter_spacing__hover_enabled=&#8221;off&#8221; button_two_letter_spacing__hover_enabled=&#8221;off&#8221; button_bg_color__hover_enabled=&#8221;off&#8221; button_one_bg_color__hover_enabled=&#8221;off&#8221; button_two_bg_color__hover_enabled=&#8221;off&#8221;]<\/p>\n<p>+Capacity: 245 l<\/p>\n<p>+Weight: 26 kg<\/p>\n<p>+Front panel: 170 EUR<\/p>\n<p>+Rear panel: 90 EUR<\/p>\n<p>[\/et_pb_pricing_table][\/et_pb_pricing_tables][et_pb_text _builder_version=&#8221;3.0.87&#8243; background_layout=&#8221;dark&#8221; module_alignment=&#8221;left&#8221; custom_margin=&#8221;0||0|&#8221; custom_padding=&#8221;0||0|&#8221; border_style=&#8221;solid&#8221;] Legs of the bathtub are included in the price. Bathtub with panel height is 620 mm. [\/et_pb_text][\/et_pb_column_inner][et_pb_column_inner type=&#8221;1_2&#8243; saved_specialty_column_type=&#8221;3_4&#8243; _builder_version=&#8221;3.0.47&#8243;][\/et_pb_column_inner][\/et_pb_row_inner][et_pb_row_inner _builder_version=&#8221;3.0.47&#8243;][et_pb_column_inner type=&#8221;1_2&#8243; saved_specialty_column_type=&#8221;3_4&#8243; _builder_version=&#8221;3.0.47&#8243;][et_pb_image src=&#8221;https:\/\/kyma.lt\/wp-content\/uploads\/2015\/07\/new2.png&#8221; force_fullwidth=&#8221;on&#8221; _builder_version=&#8221;3.0.87&#8243; custom_margin=&#8221;50||20|&#8221; use_border_color=&#8221;off&#8221; border_color=&#8221;#ffffff&#8221; border_style=&#8221;solid&#8221; animation=&#8221;off&#8221; sticky=&#8221;off&#8221;][\/et_pb_image][et_pb_image src=&#8221;https:\/\/kyma.lt\/wp-content\/uploads\/2015\/07\/new.png&#8221; show_bottom_space=&#8221;off&#8221; force_fullwidth=&#8221;on&#8221; _builder_version=&#8221;3.0.87&#8243; custom_margin=&#8221;||40|&#8221; use_border_color=&#8221;off&#8221; border_color=&#8221;#ffffff&#8221; border_style=&#8221;solid&#8221; animation=&#8221;off&#8221; sticky=&#8221;on&#8221;][\/et_pb_image][\/et_pb_column_inner][et_pb_column_inner type=&#8221;1_2&#8243; saved_specialty_column_type=&#8221;3_4&#8243; _builder_version=&#8221;3.0.47&#8243;][et_pb_image src=&#8221;https:\/\/kyma.lt\/wp-content\/uploads\/2017\/05\/Ieva-brez-2.png&#8221; force_fullwidth=&#8221;on&#8221; _builder_version=&#8221;3.0.87&#8243; custom_margin=&#8221;40|||&#8221; use_border_color=&#8221;off&#8221; border_color=&#8221;#ffffff&#8221; border_style=&#8221;solid&#8221; animation=&#8221;off&#8221; sticky=&#8221;off&#8221;][\/et_pb_image][et_pb_image src=&#8221;https:\/\/kyma.lt\/wp-content\/uploads\/2015\/07\/Vector-Smart-Object1.png&#8221; show_bottom_space=&#8221;off&#8221; _builder_version=&#8221;3.0.87&#8243; max_width=&#8221;150&#8243; custom_margin=&#8221;|40||&#8221; use_border_color=&#8221;off&#8221; border_color=&#8221;#ffffff&#8221; border_style=&#8221;solid&#8221; animation=&#8221;off&#8221; sticky=&#8221;on&#8221;][\/et_pb_image][\/et_pb_column_inner][\/et_pb_row_inner][\/et_pb_column][et_pb_column type=&#8221;1_4&#8243; _builder_version=&#8221;3.0.47&#8243;][et_pb_text _builder_version=&#8221;3.0.87&#8243; module_alignment=&#8221;left&#8221; border_style=&#8221;solid&#8221; saved_tabs=&#8221;all&#8221;]<\/p>\n<h2><a href=\"https:\/\/kyma.lt\/en\/kyma-bathtubs\/asymmetric-bathtubs\/\">Asymmetric bathtubs<\/a><\/h2>\n<p>[\/et_pb_text][et_pb_text _builder_version=&#8221;3.0.87&#8243; background_size=&#8221;initial&#8221; background_position=&#8221;top_left&#8221; background_repeat=&#8221;repeat&#8221; module_alignment=&#8221;left&#8221; use_border_color=&#8221;off&#8221; border_color=&#8221;#ffffff&#8221; border_style=&#8221;solid&#8221; saved_tabs=&#8221;all&#8221;]<\/p>\n<p style=\"text-align: justify;\"><span style=\"color: #598492;\"><a style=\"color: #598492;\" href=\"https:\/\/kyma.lt\/kyma-vonios\/asimetrines-vonios\/neringa\/\">Neringa<\/a><\/span><\/p>\n<h5 style=\"text-align: justify;\"><span style=\"color: #db282e;\">|<\/span>\u00a01,50 x 0,94<span style=\"color: #ff0000;\">\u00a0|<\/span>\u00a01,60 x 0,94\u00a0<span style=\"color: #db282e;\">|<\/span>\u00a01,70 x 0,94<span style=\"color: #db282e;\">\u00a0<span style=\"color: #db282e;\">|<\/span><\/span><\/h5>\n<p>[\/et_pb_text][et_pb_divider color=&#8221;#b2b2b2&#8243; disabled_on=&#8221;off&#8221; _builder_version=&#8221;3.2&#8243; hide_on_mobile=&#8221;off&#8221; saved_tabs=&#8221;all&#8221;][\/et_pb_divider][et_pb_text _builder_version=&#8221;3.0.87&#8243; module_alignment=&#8221;left&#8221; use_border_color=&#8221;off&#8221; border_color=&#8221;#ffffff&#8221; border_style=&#8221;solid&#8221; saved_tabs=&#8221;all&#8221;]<\/p>\n<p style=\"text-align: left;\"><a href=\"https:\/\/kyma.lt\/kyma-vonios\/asimetrines-vonios\/milda\/\">Milda<\/a><\/p>\n<h5 style=\"text-align: justify;\"><span style=\"color: #db282e;\">|<\/span>\u00a01,70 x 1,20<span style=\"color: #ff0000;\">\u00a0|<\/span><\/h5>\n<p>[\/et_pb_text][et_pb_divider color=&#8221;#b2b2b2&#8243; disabled_on=&#8221;off&#8221; _builder_version=&#8221;3.2&#8243; hide_on_mobile=&#8221;off&#8221; saved_tabs=&#8221;all&#8221;][\/et_pb_divider][et_pb_text _builder_version=&#8221;3.0.87&#8243; module_alignment=&#8221;left&#8221; use_border_color=&#8221;off&#8221; border_color=&#8221;#ffffff&#8221; border_style=&#8221;solid&#8221; saved_tabs=&#8221;all&#8221;]<\/p>\n<p style=\"text-align: justify;\"><a href=\"https:\/\/kyma.lt\/kyma-vonios\/asimetrines-vonios\/nida\/\">Nida<\/a><\/p>\n<h5 style=\"text-align: justify;\"><span style=\"color: #db282e;\">|<\/span>\u00a01,70 x 1,20<span style=\"color: #ff0000;\">\u00a0|<\/span><\/h5>\n<p>[\/et_pb_text][et_pb_text _builder_version=&#8221;3.0.87&#8243; module_alignment=&#8221;left&#8221; border_style=&#8221;solid&#8221; saved_tabs=&#8221;all&#8221;]<\/p>\n<h2><a href=\"https:\/\/kyma.lt\/en\/kyma-bathtubs\/corner-bathtubs\/\">Corner bathtubs<\/a><\/h2>\n<p>[\/et_pb_text][et_pb_text _builder_version=&#8221;3.0.87&#8243; background_size=&#8221;initial&#8221; background_position=&#8221;top_left&#8221; background_repeat=&#8221;repeat&#8221; module_alignment=&#8221;left&#8221; use_border_color=&#8221;off&#8221; border_color=&#8221;#ffffff&#8221; border_style=&#8221;solid&#8221; saved_tabs=&#8221;all&#8221;]<\/p>\n<p style=\"text-align: justify;\"><a href=\"https:\/\/kyma.lt\/kyma-vonios\/kampines-vonios\/vaiva\/\">Vaiva<\/a><\/p>\n<h5 style=\"text-align: justify;\"><span style=\"color: #db282e;\">|<\/span>\u00a01,40 x 1,40\u00a0<span style=\"color: #ff0000;\">|<\/span><\/h5>\n<p>[\/et_pb_text][et_pb_divider color=&#8221;#b2b2b2&#8243; disabled_on=&#8221;off&#8221; _builder_version=&#8221;3.2&#8243; hide_on_mobile=&#8221;off&#8221; saved_tabs=&#8221;all&#8221;][\/et_pb_divider][et_pb_text _builder_version=&#8221;3.0.87&#8243; background_size=&#8221;initial&#8221; background_position=&#8221;top_left&#8221; background_repeat=&#8221;repeat&#8221; module_alignment=&#8221;left&#8221; use_border_color=&#8221;off&#8221; border_color=&#8221;#ffffff&#8221; border_style=&#8221;solid&#8221; saved_tabs=&#8221;all&#8221;]<\/p>\n<p style=\"text-align: justify;\"><a href=\"https:\/\/kyma.lt\/kyma-vonios\/kampines-vonios\/gabija\/\">Gabija<\/a><\/p>\n<h5 style=\"text-align: justify;\"><span style=\"color: #db282e;\">|<\/span>\u00a01,50 x 1,50<span style=\"color: #ff0000;\">\u00a0|<\/span><\/h5>\n<p>[\/et_pb_text][et_pb_divider color=&#8221;#b2b2b2&#8243; disabled_on=&#8221;off&#8221; _builder_version=&#8221;3.2&#8243; hide_on_mobile=&#8221;off&#8221; saved_tabs=&#8221;all&#8221;][\/et_pb_divider][et_pb_text admin_label=&#8221;staciakampes&#8221; _builder_version=&#8221;3.0.87&#8243; module_alignment=&#8221;left&#8221; border_style=&#8221;solid&#8221; saved_tabs=&#8221;all&#8221;]<\/p>\n<h2><a href=\"https:\/\/kyma.lt\/en\/kyma-bathtubs\/rectangular-bathtubs\/\">Rectangular bathtubs<\/a><\/h2>\n<p>[\/et_pb_text][et_pb_text _builder_version=&#8221;3.0.87&#8243; background_size=&#8221;initial&#8221; background_position=&#8221;top_left&#8221; background_repeat=&#8221;repeat&#8221; module_alignment=&#8221;left&#8221; use_border_color=&#8221;off&#8221; border_color=&#8221;#ffffff&#8221; border_style=&#8221;solid&#8221; saved_tabs=&#8221;all&#8221;]<\/p>\n<p style=\"text-align: justify;\"><a href=\"https:\/\/kyma.lt\/kyma-vonios\/staciakampes-vonios\/lina\/\">Lina<\/a><\/p>\n<h5 style=\"text-align: justify;\"><span style=\"color: #db282e;\">|<\/span>\u00a01,50 x 0,70<span style=\"color: #ff0000;\"> |<\/span>\u00a01,70 x 0,70 <span style=\"color: #db282e;\">|<\/span><\/h5>\n<p>[\/et_pb_text][et_pb_divider color=&#8221;#b2b2b2&#8243; disabled_on=&#8221;off&#8221; _builder_version=&#8221;3.2&#8243; hide_on_mobile=&#8221;off&#8221; saved_tabs=&#8221;all&#8221;][\/et_pb_divider][et_pb_text admin_label=&#8221;text&#8221; _builder_version=&#8221;3.0.87&#8243; background_size=&#8221;initial&#8221; background_position=&#8221;top_left&#8221; background_repeat=&#8221;repeat&#8221; module_alignment=&#8221;left&#8221; use_border_color=&#8221;off&#8221; border_color=&#8221;#ffffff&#8221; border_style=&#8221;solid&#8221; saved_tabs=&#8221;all&#8221;]<\/p>\n<p style=\"text-align: justify;\"><a href=\"https:\/\/kyma.lt\/kyma-vonios\/staciakampes-vonios\/indra\/\">Indra<\/a><\/p>\n<h5 style=\"text-align: justify;\"><span style=\"color: #db282e;\">|<\/span>\u00a01,70 x 0,75<span style=\"color: #ff0000;\">\u00a0|<\/span><\/h5>\n<p>[\/et_pb_text][et_pb_divider color=&#8221;#b2b2b2&#8243; disabled_on=&#8221;off&#8221; _builder_version=&#8221;3.2&#8243; hide_on_mobile=&#8221;off&#8221; saved_tabs=&#8221;all&#8221;][\/et_pb_divider][et_pb_text _builder_version=&#8221;3.0.87&#8243; background_size=&#8221;initial&#8221; background_position=&#8221;top_left&#8221; background_repeat=&#8221;repeat&#8221; module_alignment=&#8221;left&#8221; use_border_color=&#8221;off&#8221; border_color=&#8221;#ffffff&#8221; border_style=&#8221;solid&#8221; saved_tabs=&#8221;all&#8221;]<\/p>\n<p style=\"text-align: justify;\"><a href=\"https:\/\/kyma.lt\/kyma-vonios\/staciakampes-vonios\/inga\/\">Inga<\/a><\/p>\n<h5 style=\"text-align: justify;\"><span style=\"color: #db282e;\">|<\/span>\u00a01,60 x 0,75<span style=\"color: #ff0000;\">\u00a0|<\/span>\u00a01,70 x 0,75\u00a0<span style=\"color: #db282e;\">|<\/span><\/h5>\n<p>[\/et_pb_text][et_pb_divider color=&#8221;#b2b2b2&#8243; disabled_on=&#8221;off&#8221; _builder_version=&#8221;3.2&#8243; hide_on_mobile=&#8221;off&#8221; saved_tabs=&#8221;all&#8221;][\/et_pb_divider][et_pb_text _builder_version=&#8221;3.0.87&#8243; background_size=&#8221;initial&#8221; background_position=&#8221;top_left&#8221; background_repeat=&#8221;repeat&#8221; module_alignment=&#8221;left&#8221; use_border_color=&#8221;off&#8221; border_color=&#8221;#ffffff&#8221; border_style=&#8221;solid&#8221; saved_tabs=&#8221;all&#8221;]<\/p>\n<p style=\"text-align: justify;\"><a href=\"https:\/\/kyma.lt\/kyma-vonios\/staciakampes-vonios\/rasa\/\">Rasa<\/a><\/p>\n<h5 style=\"text-align: justify;\"><span style=\"color: #db282e;\">|<\/span>\u00a01,80 x 0,80<span style=\"color: #ff0000;\"> |<\/span><\/h5>\n<p>[\/et_pb_text][et_pb_divider color=&#8221;#b2b2b2&#8243; disabled_on=&#8221;off&#8221; _builder_version=&#8221;3.2&#8243; hide_on_mobile=&#8221;off&#8221; saved_tabs=&#8221;all&#8221;][\/et_pb_divider][et_pb_text _builder_version=&#8221;3.0.87&#8243; background_size=&#8221;initial&#8221; background_position=&#8221;top_left&#8221; background_repeat=&#8221;repeat&#8221; module_alignment=&#8221;left&#8221; use_border_color=&#8221;off&#8221; border_color=&#8221;#ffffff&#8221; border_style=&#8221;solid&#8221; saved_tabs=&#8221;all&#8221;]<\/p>\n<p style=\"text-align: justify;\"><a href=\"https:\/\/kyma.lt\/kyma-vonios\/staciakampes-vonios\/audra\/\">Audra<\/a><\/p>\n<h5 style=\"text-align: justify;\"><span style=\"color: #db282e;\">|<\/span>\u00a01,80 x 0,80<span style=\"color: #ff0000;\"> |<\/span>\u00a01,70 x 0,80 <span style=\"color: #db282e;\">|<\/span><\/h5>\n<p>[\/et_pb_text][et_pb_divider color=&#8221;#b2b2b2&#8243; disabled_on=&#8221;off&#8221; _builder_version=&#8221;3.2&#8243; hide_on_mobile=&#8221;off&#8221; saved_tabs=&#8221;all&#8221;][\/et_pb_divider][et_pb_text _builder_version=&#8221;3.0.87&#8243; background_size=&#8221;initial&#8221; background_position=&#8221;top_left&#8221; background_repeat=&#8221;repeat&#8221; module_alignment=&#8221;left&#8221; use_border_color=&#8221;off&#8221; border_color=&#8221;#ffffff&#8221; border_style=&#8221;solid&#8221; saved_tabs=&#8221;all&#8221;]<\/p>\n<p style=\"text-align: justify;\"><a href=\"https:\/\/kyma.lt\/kyma-vonios\/staciakampes-vonios\/ieva\/\">Ieva<\/a><\/p>\n<h5 style=\"text-align: justify;\"><span style=\"color: #db282e;\">|<\/span>\u00a01,70 x 0,94\/0,70 <span style=\"color: #db282e;\">|<\/span><\/h5>\n<p>[\/et_pb_text][\/et_pb_column][\/et_pb_section]<\/p>\n","protected":false},"excerpt":{"rendered":"<p>+Capacity: 245 l +Weight: 26 kg +Front panel: 170 EUR +Rear panel: 90 EUR Legs of the bathtub are included in the price. Bathtub with panel height is 620 mm. Asymmetric bathtubs Neringa |\u00a01,50 x 0,94\u00a0|\u00a01,60 x 0,94\u00a0|\u00a01,70 x 0,94\u00a0| Milda |\u00a01,70 x 1,20\u00a0| Nida |\u00a01,70 x 1,20\u00a0| Corner bathtubs Vaiva |\u00a01,40 x 1,40\u00a0| Gabija [&hellip;]<\/p>\n","protected":false},"author":4,"featured_media":0,"parent":11466,"menu_order":0,"comment_status":"closed","ping_status":"closed","template":"","meta":{"_et_pb_use_builder":"on","_et_pb_old_content":"","_et_gb_content_width":"","_exactmetrics_skip_tracking":false,"_exactmetrics_sitenote_active":false,"_exactmetrics_sitenote_note":"","_exactmetrics_sitenote_category":0,"footnotes":""},"yoast_head":"<!-- This site is optimized with the Yoast SEO plugin v22.6 - https:\/\/yoast.com\/wordpress\/plugins\/seo\/ -->\n<title>Ieva - KYMA vonios, masa\u017ein\u0117s voni\u0173 sistemos<\/title>\n<meta name=\"robots\" content=\"index, follow, max-snippet:-1, max-image-preview:large, max-video-preview:-1\" \/>\n<link rel=\"canonical\" href=\"https:\/\/kyma.lt\/en\/kyma-bathtubs\/rectangular-bathtubs\/ieva\/\" \/>\n<meta property=\"og:locale\" content=\"en_US\" \/>\n<meta property=\"og:type\" content=\"article\" \/>\n<meta property=\"og:title\" content=\"Ieva - KYMA vonios, masa\u017ein\u0117s voni\u0173 sistemos\" \/>\n<meta property=\"og:description\" content=\"+Capacity: 245 l +Weight: 26 kg +Front panel: 170 EUR +Rear panel: 90 EUR Legs of the bathtub are included in the price. Bathtub with panel height is 620 mm. Asymmetric bathtubs Neringa |\u00a01,50 x 0,94\u00a0|\u00a01,60 x 0,94\u00a0|\u00a01,70 x 0,94\u00a0| Milda |\u00a01,70 x 1,20\u00a0| Nida |\u00a01,70 x 1,20\u00a0| Corner bathtubs Vaiva |\u00a01,40 x 1,40\u00a0| Gabija [&hellip;]\" \/>\n<meta property=\"og:url\" content=\"https:\/\/kyma.lt\/en\/kyma-bathtubs\/rectangular-bathtubs\/ieva\/\" \/>\n<meta property=\"og:site_name\" content=\"KYMA vonios, masa\u017ein\u0117s voni\u0173 sistemos\" \/>\n<meta property=\"article:modified_time\" content=\"2023-02-28T09:56:51+00:00\" \/>\n<meta name=\"twitter:card\" content=\"summary_large_image\" \/>\n<meta name=\"twitter:label1\" content=\"Est. reading time\" \/>\n\t<meta name=\"twitter:data1\" content=\"8 minutes\" \/>\n<script type=\"application\/ld+json\" class=\"yoast-schema-graph\">{\"@context\":\"https:\/\/schema.org\",\"@graph\":[{\"@type\":\"WebPage\",\"@id\":\"https:\/\/kyma.lt\/en\/kyma-bathtubs\/rectangular-bathtubs\/ieva\/\",\"url\":\"https:\/\/kyma.lt\/en\/kyma-bathtubs\/rectangular-bathtubs\/ieva\/\",\"name\":\"Ieva - KYMA vonios, masa\u017ein\u0117s voni\u0173 sistemos\",\"isPartOf\":{\"@id\":\"https:\/\/kyma.lt\/en\/#website\"},\"datePublished\":\"2017-05-04T09:03:07+00:00\",\"dateModified\":\"2023-02-28T09:56:51+00:00\",\"breadcrumb\":{\"@id\":\"https:\/\/kyma.lt\/en\/kyma-bathtubs\/rectangular-bathtubs\/ieva\/#breadcrumb\"},\"inLanguage\":\"en-US\",\"potentialAction\":[{\"@type\":\"ReadAction\",\"target\":[\"https:\/\/kyma.lt\/en\/kyma-bathtubs\/rectangular-bathtubs\/ieva\/\"]}]},{\"@type\":\"BreadcrumbList\",\"@id\":\"https:\/\/kyma.lt\/en\/kyma-bathtubs\/rectangular-bathtubs\/ieva\/#breadcrumb\",\"itemListElement\":[{\"@type\":\"ListItem\",\"position\":1,\"name\":\"Home\",\"item\":\"https:\/\/kyma.lt\/en\/\"},{\"@type\":\"ListItem\",\"position\":2,\"name\":\"Kyma bathtubs\",\"item\":\"https:\/\/kyma.lt\/en\/kyma-bathtubs\/\"},{\"@type\":\"ListItem\",\"position\":3,\"name\":\"Rectangular bathtubs\",\"item\":\"https:\/\/kyma.lt\/en\/kyma-bathtubs\/rectangular-bathtubs\/\"},{\"@type\":\"ListItem\",\"position\":4,\"name\":\"Ieva\"}]},{\"@type\":\"WebSite\",\"@id\":\"https:\/\/kyma.lt\/en\/#website\",\"url\":\"https:\/\/kyma.lt\/en\/\",\"name\":\"KYMA vonios, masa\u017ein\u0117s voni\u0173 sistemos\",\"description\":\"\",\"alternateName\":\"KYMA\",\"potentialAction\":[{\"@type\":\"SearchAction\",\"target\":{\"@type\":\"EntryPoint\",\"urlTemplate\":\"https:\/\/kyma.lt\/en\/?s={search_term_string}\"},\"query-input\":\"required name=search_term_string\"}],\"inLanguage\":\"en-US\"}]}<\/script>\n<!-- \/ Yoast SEO plugin. -->","yoast_head_json":{"title":"Ieva - KYMA vonios, masa\u017ein\u0117s voni\u0173 sistemos","robots":{"index":"index","follow":"follow","max-snippet":"max-snippet:-1","max-image-preview":"max-image-preview:large","max-video-preview":"max-video-preview:-1"},"canonical":"https:\/\/kyma.lt\/en\/kyma-bathtubs\/rectangular-bathtubs\/ieva\/","og_locale":"en_US","og_type":"article","og_title":"Ieva - KYMA vonios, masa\u017ein\u0117s voni\u0173 sistemos","og_description":"+Capacity: 245 l +Weight: 26 kg +Front panel: 170 EUR +Rear panel: 90 EUR Legs of the bathtub are included in the price. Bathtub with panel height is 620 mm. Asymmetric bathtubs Neringa |\u00a01,50 x 0,94\u00a0|\u00a01,60 x 0,94\u00a0|\u00a01,70 x 0,94\u00a0| Milda |\u00a01,70 x 1,20\u00a0| Nida |\u00a01,70 x 1,20\u00a0| Corner bathtubs Vaiva |\u00a01,40 x 1,40\u00a0| Gabija [&hellip;]","og_url":"https:\/\/kyma.lt\/en\/kyma-bathtubs\/rectangular-bathtubs\/ieva\/","og_site_name":"KYMA vonios, masa\u017ein\u0117s voni\u0173 sistemos","article_modified_time":"2023-02-28T09:56:51+00:00","twitter_card":"summary_large_image","twitter_misc":{"Est. reading time":"8 minutes"},"schema":{"@context":"https:\/\/schema.org","@graph":[{"@type":"WebPage","@id":"https:\/\/kyma.lt\/en\/kyma-bathtubs\/rectangular-bathtubs\/ieva\/","url":"https:\/\/kyma.lt\/en\/kyma-bathtubs\/rectangular-bathtubs\/ieva\/","name":"Ieva - KYMA vonios, masa\u017ein\u0117s voni\u0173 sistemos","isPartOf":{"@id":"https:\/\/kyma.lt\/en\/#website"},"datePublished":"2017-05-04T09:03:07+00:00","dateModified":"2023-02-28T09:56:51+00:00","breadcrumb":{"@id":"https:\/\/kyma.lt\/en\/kyma-bathtubs\/rectangular-bathtubs\/ieva\/#breadcrumb"},"inLanguage":"en-US","potentialAction":[{"@type":"ReadAction","target":["https:\/\/kyma.lt\/en\/kyma-bathtubs\/rectangular-bathtubs\/ieva\/"]}]},{"@type":"BreadcrumbList","@id":"https:\/\/kyma.lt\/en\/kyma-bathtubs\/rectangular-bathtubs\/ieva\/#breadcrumb","itemListElement":[{"@type":"ListItem","position":1,"name":"Home","item":"https:\/\/kyma.lt\/en\/"},{"@type":"ListItem","position":2,"name":"Kyma bathtubs","item":"https:\/\/kyma.lt\/en\/kyma-bathtubs\/"},{"@type":"ListItem","position":3,"name":"Rectangular bathtubs","item":"https:\/\/kyma.lt\/en\/kyma-bathtubs\/rectangular-bathtubs\/"},{"@type":"ListItem","position":4,"name":"Ieva"}]},{"@type":"WebSite","@id":"https:\/\/kyma.lt\/en\/#website","url":"https:\/\/kyma.lt\/en\/","name":"KYMA vonios, masa\u017ein\u0117s voni\u0173 sistemos","description":"","alternateName":"KYMA","potentialAction":[{"@type":"SearchAction","target":{"@type":"EntryPoint","urlTemplate":"https:\/\/kyma.lt\/en\/?s={search_term_string}"},"query-input":"required name=search_term_string"}],"inLanguage":"en-US"}]}},"_links":{"self":[{"href":"https:\/\/kyma.lt\/en\/wp-json\/wp\/v2\/pages\/12164\/"}],"collection":[{"href":"https:\/\/kyma.lt\/en\/wp-json\/wp\/v2\/pages\/"}],"about":[{"href":"https:\/\/kyma.lt\/en\/wp-json\/wp\/v2\/types\/page\/"}],"author":[{"embeddable":true,"href":"https:\/\/kyma.lt\/en\/wp-json\/wp\/v2\/users\/4\/"}],"replies":[{"embeddable":true,"href":"https:\/\/kyma.lt\/en\/wp-json\/wp\/v2\/comments\/?post=12164"}],"version-history":[{"count":7,"href":"https:\/\/kyma.lt\/en\/wp-json\/wp\/v2\/pages\/12164\/revisions\/"}],"predecessor-version":[{"id":12993,"href":"https:\/\/kyma.lt\/en\/wp-json\/wp\/v2\/pages\/12164\/revisions\/12993\/"}],"up":[{"embeddable":true,"href":"https:\/\/kyma.lt\/en\/wp-json\/wp\/v2\/pages\/11466\/"}],"wp:attachment":[{"href":"https:\/\/kyma.lt\/en\/wp-json\/wp\/v2\/media\/?parent=12164"}],"curies":[{"name":"wp","href":"https:\/\/api.w.org\/{rel}","templated":true}]}}