{"id":11302,"date":"2015-07-21T16:21:35","date_gmt":"2015-07-21T13:21:35","guid":{"rendered":"http:\/\/kyma.lt\/ru\/titulinis\/"},"modified":"2016-04-13T17:45:51","modified_gmt":"2016-04-13T14:45:51","slug":"titulinis","status":"publish","type":"page","link":"https:\/\/kyma.lt\/ru\/","title":{"rendered":"KYMA \u0412\u0410\u041d\u041d\u042b"},"content":{"rendered":"<p>[et_pb_section admin_label=&#187;section&#187; fullwidth=&#187;on&#187; specialty=&#187;off&#187; transparent_background=&#187;off&#187; allow_player_pause=&#187;off&#187; inner_shadow=&#187;off&#187; parallax=&#187;off&#187; parallax_method=&#187;off&#187; padding_mobile=&#187;off&#187; make_fullwidth=&#187;off&#187; use_custom_width=&#187;off&#187; width_unit=&#187;on&#187; make_equal=&#187;off&#187; use_custom_gutter=&#187;off&#187;][et_pb_fullwidth_header admin_label=&#187;Fullwidth Header&#187; background_layout=&#187;dark&#187; text_orientation=&#187;center&#187; header_fullscreen=&#187;on&#187; header_scroll_down=&#187;on&#187; parallax=&#187;on&#187; parallax_method=&#187;on&#187; content_orientation=&#187;center&#187; image_orientation=&#187;center&#187; custom_button_one=&#187;off&#187; button_one_letter_spacing=&#187;0&#8243; button_one_use_icon=&#187;default&#187; button_one_icon_placement=&#187;right&#187; button_one_on_hover=&#187;on&#187; button_one_letter_spacing_hover=&#187;0&#8243; custom_button_two=&#187;off&#187; button_two_letter_spacing=&#187;0&#8243; button_two_use_icon=&#187;default&#187; button_two_icon_placement=&#187;right&#187; button_two_on_hover=&#187;on&#187; button_two_letter_spacing_hover=&#187;0&#8243; scroll_down_icon=&#187;%%1%%&#187; title=&#187;KYMA \u0412\u0410\u041d\u041d\u042b&#187; subhead=&#187;\u041c\u0410\u0421\u0421\u0410\u0416\u041d\u042b\u0415 \u0421\u0418\u0421\u0422\u0415\u041c\u042b \u0412\u0410\u041d\u041d &#187; title_font=&#187;|on|||&#187; subhead_font=&#187;|on|||&#187; subhead_font_size=&#187;24px&#187; title_font_color=&#187;#ffffff&#187; scroll_down_icon_color=&#187;#ffffff&#187; background_overlay_color=&#187;rgba(30,115,190,0.19)&#187; background_url=&#187;https:\/\/kyma.lt\/wp-content\/uploads\/2015\/07\/White-Bathtub-And-White-Interior-In-Bathroom.jpg&#187;]<\/p>\n<p>[\/et_pb_fullwidth_header][\/et_pb_section][et_pb_section admin_label=&#187;section&#187; fullwidth=&#187;off&#187; specialty=&#187;off&#187;][et_pb_row admin_label=&#187;row&#187; make_fullwidth=&#187;off&#187; use_custom_width=&#187;off&#187; width_unit=&#187;on&#187; use_custom_gutter=&#187;off&#187; padding_mobile=&#187;off&#187; module_id=&#187;apie-mus&#187; allow_player_pause=&#187;off&#187; parallax=&#187;off&#187; parallax_method=&#187;off&#187; make_equal=&#187;off&#187;][et_pb_column type=&#187;4_4&#8243;][et_pb_text admin_label=&#187;Text&#187; background_layout=&#187;light&#187; text_orientation=&#187;left&#187; use_border_color=&#187;off&#187; border_color=&#187;#ffffff&#187; border_style=&#187;solid&#187; text_font_size=&#187;16&#8243; module_id=&#187; \u041e-\u043d\u0430\u0441&#187;]<\/p>\n<h2 style=\"text-align: center;\">KYMA \u0432\u0430\u043d\u043d\u044b \u2013\u00a0\u041e \u043d\u0430\u0441<\/h2>\n<p style=\"text-align: center;\">\u0422\u043e\u0440\u0433\u043e\u0432\u044b\u043c \u0437\u043d\u0430\u043a\u043e\u043c \u201eKYMA\u201c \u043f\u0440\u0435\u0434\u0441\u0442\u0430\u0432\u043b\u044f\u0435\u043c \u0412\u0430\u043c \u0432 \u041b\u0438\u0442\u0432\u0435 \u0441 1998 \u0433. \u0438\u0437\u0433\u043e\u0442\u043e\u0432\u043b\u044f\u0435\u043c\u044b\u0435 \u043f\u0440\u0435\u0434\u043f\u0440\u0438\u044f\u0442\u0438\u0435\u043c \u0417\u0410\u041e \u201ePOLIPLASTAS\u201c \u0430\u043a\u0440\u0438\u043b\u043e\u0432\u044b\u0435 \u0432\u0430\u043d\u043d\u044b \u0438 \u043c\u0430\u0441\u0441\u0430\u0436\u043d\u044b\u0435 \u0441\u0438\u0441\u0442\u0435\u043c\u044b \u0432\u044b\u0441\u0448\u0435\u0433\u043e \u043a\u0430\u0447\u0435\u0441\u0442\u0432\u0430.\u00a0\u0411\u043b\u0430\u0433\u043e\u0434\u0430\u0440\u044f \u0434\u043b\u0438\u0442\u0435\u043b\u044c\u043d\u043e\u043c\u0443 \u043f\u0440\u043e\u0438\u0437\u0432\u043e\u0434\u0441\u0442\u0432\u0435\u043d\u043d\u043e\u043c\u0443 \u043e\u043f\u044b\u0442\u0443, \u043d\u043e\u0432\u044b\u043c \u0438 \u0441\u043e\u0432\u0440\u0435\u043c\u0435\u043d\u043d\u044b\u043c \u0442\u0435\u0445\u043d\u043e\u043b\u043e\u0433\u0438\u044f\u043c, \u0430 \u0442\u0430\u043a\u0436\u0435 \u043a\u0432\u0430\u043b\u0438\u0444\u0438\u0446\u0438\u0440\u043e\u0432\u0430\u043d\u043d\u044b\u043c \u0440\u0430\u0431\u043e\u0447\u0438\u043c \u0441\u043e\u0437\u0434\u0430\u043b\u0438 \u044d\u0440\u0433\u043e\u043d\u043e\u043c\u0438\u0447\u043d\u044b\u0435 \u0438\u0437\u0434\u0435\u043b\u0438\u044f \u0432\u044b\u0441\u0448\u0435\u0433\u043e \u043a\u0430\u0447\u0435\u0441\u0442\u0432\u0430 \u0438 \u0441\u043e\u0432\u0440\u0435\u043c\u0435\u043d\u043d\u043e\u0433\u043e \u0434\u0438\u0437\u0430\u0439\u043d\u0430.\u00a0\u0412 \u043f\u0440\u043e\u0438\u0437\u0432\u043e\u0434\u0441\u0442\u0432\u0435 \u0438\u0441\u043f\u043e\u043b\u044c\u0437\u0443\u0435\u0442\u0441\u044f \u0442\u043e\u043b\u044c\u043a\u043e \u0432\u044b\u0441\u0448\u0435\u0433\u043e \u043a\u0430\u0447\u0435\u0441\u0442\u0432\u0430 \u043b\u0438\u0442\u044c\u0435\u0432\u043e\u0439 \u0441\u0430\u043d\u0442\u0435\u0445\u043d\u0438\u0447\u0435\u0441\u043a\u0438\u0439 \u0430\u043a\u0440\u0438\u043b \u043f\u0440\u043e\u0438\u0437\u0432\u043e\u0434\u0441\u0442\u0432\u0430 \u0430\u043d\u0433\u043b\u0438\u0439\u0441\u043a\u043e\u0439 \u0444\u0438\u0440\u043c\u044b LUCITE.\u00a0\u0414\u043b\u044f \u043c\u0430\u0441\u0441\u0430\u0436\u043d\u044b\u0445 \u0441\u0438\u0441\u0442\u0435\u043c \u0438\u0441\u043f\u043e\u043b\u044c\u0437\u0443\u044e\u0442\u0441\u044f \u043a\u043e\u043c\u043f\u043e\u043d\u0435\u043d\u0442\u044b \u043b\u0438\u0434\u0438\u0440\u0443\u044e\u0449\u0435\u0439 \u0430\u0432\u0441\u0442\u0440\u0438\u0439\u0441\u043a\u043e\u0439 \u043a\u043e\u043c\u043f\u0430\u043d\u0438\u0438 KOLLER.\u00a0\u0421\u0442\u0430\u0440\u0430\u0435\u043c\u0441\u044f \u0443\u0434\u043e\u0432\u043b\u0435\u0442\u0432\u043e\u0440\u0438\u0442\u044c \u043e\u0436\u0438\u0434\u0430\u043d\u0438\u044f \u043a\u0430\u0436\u0434\u043e\u0433\u043e \u043a\u043b\u0438\u0435\u043d\u0442\u0430, \u043f\u043e\u043d\u0438\u043c\u0430\u0435\u043c, \u0447\u0442\u043e \u0434\u043e\u0432\u043e\u043b\u044c\u043d\u044b\u0439 \u0438 \u0441\u0447\u0430\u0441\u0442\u043b\u0438\u0432\u044b\u0439 \u043a\u043b\u0438\u0435\u043d\u0442 \u043e\u0431\u0435\u0441\u043f\u0435\u0447\u0438\u0432\u0430\u0435\u0442 \u0443\u0441\u043f\u0435\u0448\u043d\u0443\u044e \u0434\u0435\u044f\u0442\u0435\u043b\u044c\u043d\u043e\u0441\u0442\u044c \u043f\u0440\u0435\u0434\u043f\u0440\u0438\u044f\u0442\u0438\u044f.<\/p>\n<p>[\/et_pb_text][\/et_pb_column][\/et_pb_row][\/et_pb_section]<\/p>\n","protected":false},"excerpt":{"rendered":"<p>KYMA \u0432\u0430\u043d\u043d\u044b \u2013\u00a0\u041e \u043d\u0430\u0441 \u0422\u043e\u0440\u0433\u043e\u0432\u044b\u043c \u0437\u043d\u0430\u043a\u043e\u043c \u201eKYMA\u201c \u043f\u0440\u0435\u0434\u0441\u0442\u0430\u0432\u043b\u044f\u0435\u043c \u0412\u0430\u043c \u0432 \u041b\u0438\u0442\u0432\u0435 \u0441 1998 \u0433. \u0438\u0437\u0433\u043e\u0442\u043e\u0432\u043b\u044f\u0435\u043c\u044b\u0435 \u043f\u0440\u0435\u0434\u043f\u0440\u0438\u044f\u0442\u0438\u0435\u043c \u0417\u0410\u041e \u201ePOLIPLASTAS\u201c \u0430\u043a\u0440\u0438\u043b\u043e\u0432\u044b\u0435 \u0432\u0430\u043d\u043d\u044b \u0438 \u043c\u0430\u0441\u0441\u0430\u0436\u043d\u044b\u0435 \u0441\u0438\u0441\u0442\u0435\u043c\u044b \u0432\u044b\u0441\u0448\u0435\u0433\u043e \u043a\u0430\u0447\u0435\u0441\u0442\u0432\u0430.\u00a0\u0411\u043b\u0430\u0433\u043e\u0434\u0430\u0440\u044f \u0434\u043b\u0438\u0442\u0435\u043b\u044c\u043d\u043e\u043c\u0443 \u043f\u0440\u043e\u0438\u0437\u0432\u043e\u0434\u0441\u0442\u0432\u0435\u043d\u043d\u043e\u043c\u0443 \u043e\u043f\u044b\u0442\u0443, \u043d\u043e\u0432\u044b\u043c \u0438 \u0441\u043e\u0432\u0440\u0435\u043c\u0435\u043d\u043d\u044b\u043c \u0442\u0435\u0445\u043d\u043e\u043b\u043e\u0433\u0438\u044f\u043c, \u0430 \u0442\u0430\u043a\u0436\u0435 \u043a\u0432\u0430\u043b\u0438\u0444\u0438\u0446\u0438\u0440\u043e\u0432\u0430\u043d\u043d\u044b\u043c \u0440\u0430\u0431\u043e\u0447\u0438\u043c \u0441\u043e\u0437\u0434\u0430\u043b\u0438 \u044d\u0440\u0433\u043e\u043d\u043e\u043c\u0438\u0447\u043d\u044b\u0435 \u0438\u0437\u0434\u0435\u043b\u0438\u044f \u0432\u044b\u0441\u0448\u0435\u0433\u043e \u043a\u0430\u0447\u0435\u0441\u0442\u0432\u0430 \u0438 \u0441\u043e\u0432\u0440\u0435\u043c\u0435\u043d\u043d\u043e\u0433\u043e \u0434\u0438\u0437\u0430\u0439\u043d\u0430.\u00a0\u0412 \u043f\u0440\u043e\u0438\u0437\u0432\u043e\u0434\u0441\u0442\u0432\u0435 \u0438\u0441\u043f\u043e\u043b\u044c\u0437\u0443\u0435\u0442\u0441\u044f \u0442\u043e\u043b\u044c\u043a\u043e \u0432\u044b\u0441\u0448\u0435\u0433\u043e \u043a\u0430\u0447\u0435\u0441\u0442\u0432\u0430 \u043b\u0438\u0442\u044c\u0435\u0432\u043e\u0439 \u0441\u0430\u043d\u0442\u0435\u0445\u043d\u0438\u0447\u0435\u0441\u043a\u0438\u0439 \u0430\u043a\u0440\u0438\u043b \u043f\u0440\u043e\u0438\u0437\u0432\u043e\u0434\u0441\u0442\u0432\u0430 \u0430\u043d\u0433\u043b\u0438\u0439\u0441\u043a\u043e\u0439 \u0444\u0438\u0440\u043c\u044b [&hellip;]<\/p>\n","protected":false},"author":4,"featured_media":0,"parent":0,"menu_order":1,"comment_status":"open","ping_status":"closed","template":"","meta":{"_et_pb_use_builder":"on","_et_pb_old_content":"","_et_gb_content_width":"","_exactmetrics_skip_tracking":false,"_exactmetrics_sitenote_active":false,"_exactmetrics_sitenote_note":"","_exactmetrics_sitenote_category":0,"footnotes":""},"yoast_head":"<!-- This site is optimized with the Yoast SEO plugin v22.6 - https:\/\/yoast.com\/wordpress\/plugins\/seo\/ -->\n<title>KYMA vonios - vonios, voni\u0173 masa\u017ein\u0117s sistemos<\/title>\n<meta name=\"description\" content=\"KYMA - auk\u0161tos kokyb\u0117s akrilin\u0117s vonios ir masa\u017ein\u0117s voni\u0173 sistemos. KYMA vonios gaminamos nuo 1998 m. \u012fmon\u0117s UAB \u201ePOLIPLASTAS\u201c.\" \/>\n<meta name=\"robots\" content=\"index, follow, max-snippet:-1, max-image-preview:large, max-video-preview:-1\" \/>\n<link rel=\"canonical\" href=\"https:\/\/kyma.lt\/ru\/titulinis\/\" \/>\n<meta property=\"og:locale\" content=\"ru_RU\" \/>\n<meta property=\"og:type\" content=\"article\" \/>\n<meta property=\"og:title\" content=\"KYMA vonios - vonios, voni\u0173 masa\u017ein\u0117s sistemos\" \/>\n<meta property=\"og:description\" content=\"KYMA - auk\u0161tos kokyb\u0117s akrilin\u0117s vonios ir masa\u017ein\u0117s voni\u0173 sistemos. KYMA vonios gaminamos nuo 1998 m. \u012fmon\u0117s UAB \u201ePOLIPLASTAS\u201c.\" \/>\n<meta property=\"og:url\" content=\"https:\/\/kyma.lt\/ru\/titulinis\/\" \/>\n<meta property=\"og:site_name\" content=\"KYMA vonios, masa\u017ein\u0117s voni\u0173 sistemos\" \/>\n<meta property=\"article:modified_time\" content=\"2016-04-13T14:45:51+00:00\" \/>\n<meta name=\"twitter:card\" content=\"summary_large_image\" \/>\n<meta name=\"twitter:label1\" content=\"\u041f\u0440\u0438\u043c\u0435\u0440\u043d\u043e\u0435 \u0432\u0440\u0435\u043c\u044f \u0434\u043b\u044f \u0447\u0442\u0435\u043d\u0438\u044f\" \/>\n\t<meta name=\"twitter:data1\" content=\"1 \u043c\u0438\u043d\u0443\u0442\u0430\" \/>\n<script type=\"application\/ld+json\" class=\"yoast-schema-graph\">{\"@context\":\"https:\/\/schema.org\",\"@graph\":[{\"@type\":\"WebPage\",\"@id\":\"https:\/\/kyma.lt\/ru\/titulinis\/\",\"url\":\"https:\/\/kyma.lt\/ru\/titulinis\/\",\"name\":\"KYMA vonios - vonios, voni\u0173 masa\u017ein\u0117s sistemos\",\"isPartOf\":{\"@id\":\"https:\/\/kyma.lt\/en\/#website\"},\"datePublished\":\"2015-07-21T13:21:35+00:00\",\"dateModified\":\"2016-04-13T14:45:51+00:00\",\"description\":\"KYMA - auk\u0161tos kokyb\u0117s akrilin\u0117s vonios ir masa\u017ein\u0117s voni\u0173 sistemos. KYMA vonios gaminamos nuo 1998 m. \u012fmon\u0117s UAB \u201ePOLIPLASTAS\u201c.\",\"breadcrumb\":{\"@id\":\"https:\/\/kyma.lt\/ru\/titulinis\/#breadcrumb\"},\"inLanguage\":\"ru-RU\",\"potentialAction\":[{\"@type\":\"ReadAction\",\"target\":[\"https:\/\/kyma.lt\/ru\/titulinis\/\"]}]},{\"@type\":\"BreadcrumbList\",\"@id\":\"https:\/\/kyma.lt\/ru\/titulinis\/#breadcrumb\",\"itemListElement\":[{\"@type\":\"ListItem\",\"position\":1,\"name\":\"Home\",\"item\":\"https:\/\/kyma.lt\/ru\/titulinis\/\"},{\"@type\":\"ListItem\",\"position\":2,\"name\":\"KYMA \u0412\u0410\u041d\u041d\u042b\"}]},{\"@type\":\"WebSite\",\"@id\":\"https:\/\/kyma.lt\/en\/#website\",\"url\":\"https:\/\/kyma.lt\/en\/\",\"name\":\"KYMA vonios, masa\u017ein\u0117s voni\u0173 sistemos\",\"description\":\"\",\"alternateName\":\"KYMA\",\"potentialAction\":[{\"@type\":\"SearchAction\",\"target\":{\"@type\":\"EntryPoint\",\"urlTemplate\":\"https:\/\/kyma.lt\/en\/?s={search_term_string}\"},\"query-input\":\"required name=search_term_string\"}],\"inLanguage\":\"ru-RU\"}]}<\/script>\n<!-- \/ Yoast SEO plugin. -->","yoast_head_json":{"title":"KYMA vonios - vonios, voni\u0173 masa\u017ein\u0117s sistemos","description":"KYMA - auk\u0161tos kokyb\u0117s akrilin\u0117s vonios ir masa\u017ein\u0117s voni\u0173 sistemos. KYMA vonios gaminamos nuo 1998 m. \u012fmon\u0117s UAB \u201ePOLIPLASTAS\u201c.","robots":{"index":"index","follow":"follow","max-snippet":"max-snippet:-1","max-image-preview":"max-image-preview:large","max-video-preview":"max-video-preview:-1"},"canonical":"https:\/\/kyma.lt\/ru\/titulinis\/","og_locale":"ru_RU","og_type":"article","og_title":"KYMA vonios - vonios, voni\u0173 masa\u017ein\u0117s sistemos","og_description":"KYMA - auk\u0161tos kokyb\u0117s akrilin\u0117s vonios ir masa\u017ein\u0117s voni\u0173 sistemos. KYMA vonios gaminamos nuo 1998 m. \u012fmon\u0117s UAB \u201ePOLIPLASTAS\u201c.","og_url":"https:\/\/kyma.lt\/ru\/titulinis\/","og_site_name":"KYMA vonios, masa\u017ein\u0117s voni\u0173 sistemos","article_modified_time":"2016-04-13T14:45:51+00:00","twitter_card":"summary_large_image","twitter_misc":{"\u041f\u0440\u0438\u043c\u0435\u0440\u043d\u043e\u0435 \u0432\u0440\u0435\u043c\u044f \u0434\u043b\u044f \u0447\u0442\u0435\u043d\u0438\u044f":"1 \u043c\u0438\u043d\u0443\u0442\u0430"},"schema":{"@context":"https:\/\/schema.org","@graph":[{"@type":"WebPage","@id":"https:\/\/kyma.lt\/ru\/titulinis\/","url":"https:\/\/kyma.lt\/ru\/titulinis\/","name":"KYMA vonios - vonios, voni\u0173 masa\u017ein\u0117s sistemos","isPartOf":{"@id":"https:\/\/kyma.lt\/en\/#website"},"datePublished":"2015-07-21T13:21:35+00:00","dateModified":"2016-04-13T14:45:51+00:00","description":"KYMA - auk\u0161tos kokyb\u0117s akrilin\u0117s vonios ir masa\u017ein\u0117s voni\u0173 sistemos. KYMA vonios gaminamos nuo 1998 m. \u012fmon\u0117s UAB \u201ePOLIPLASTAS\u201c.","breadcrumb":{"@id":"https:\/\/kyma.lt\/ru\/titulinis\/#breadcrumb"},"inLanguage":"ru-RU","potentialAction":[{"@type":"ReadAction","target":["https:\/\/kyma.lt\/ru\/titulinis\/"]}]},{"@type":"BreadcrumbList","@id":"https:\/\/kyma.lt\/ru\/titulinis\/#breadcrumb","itemListElement":[{"@type":"ListItem","position":1,"name":"Home","item":"https:\/\/kyma.lt\/ru\/titulinis\/"},{"@type":"ListItem","position":2,"name":"KYMA \u0412\u0410\u041d\u041d\u042b"}]},{"@type":"WebSite","@id":"https:\/\/kyma.lt\/en\/#website","url":"https:\/\/kyma.lt\/en\/","name":"KYMA vonios, masa\u017ein\u0117s voni\u0173 sistemos","description":"","alternateName":"KYMA","potentialAction":[{"@type":"SearchAction","target":{"@type":"EntryPoint","urlTemplate":"https:\/\/kyma.lt\/en\/?s={search_term_string}"},"query-input":"required name=search_term_string"}],"inLanguage":"ru-RU"}]}},"_links":{"self":[{"href":"https:\/\/kyma.lt\/ru\/wp-json\/wp\/v2\/pages\/11302\/"}],"collection":[{"href":"https:\/\/kyma.lt\/ru\/wp-json\/wp\/v2\/pages\/"}],"about":[{"href":"https:\/\/kyma.lt\/ru\/wp-json\/wp\/v2\/types\/page\/"}],"author":[{"embeddable":true,"href":"https:\/\/kyma.lt\/ru\/wp-json\/wp\/v2\/users\/4\/"}],"replies":[{"embeddable":true,"href":"https:\/\/kyma.lt\/ru\/wp-json\/wp\/v2\/comments\/?post=11302"}],"version-history":[{"count":5,"href":"https:\/\/kyma.lt\/ru\/wp-json\/wp\/v2\/pages\/11302\/revisions\/"}],"predecessor-version":[{"id":11864,"href":"https:\/\/kyma.lt\/ru\/wp-json\/wp\/v2\/pages\/11302\/revisions\/11864\/"}],"wp:attachment":[{"href":"https:\/\/kyma.lt\/ru\/wp-json\/wp\/v2\/media\/?parent=11302"}],"curies":[{"name":"wp","href":"https:\/\/api.w.org\/{rel}","templated":true}]}}