{"id":11310,"date":"2015-07-31T10:44:56","date_gmt":"2015-07-31T07:44:56","guid":{"rendered":"http:\/\/kyma.lt\/ru\/atsisiusti\/"},"modified":"2024-01-30T10:20:39","modified_gmt":"2024-01-30T08:20:39","slug":"%d0%b7%d0%b0%d0%b3%d1%80%d1%83%d0%b7%d0%ba%d0%b8","status":"publish","type":"page","link":"https:\/\/kyma.lt\/ru\/%d0%b7%d0%b0%d0%b3%d1%80%d1%83%d0%b7%d0%ba%d0%b8\/","title":{"rendered":"\u0417\u0430\u0433\u0440\u0443\u0437\u043a\u0438"},"content":{"rendered":"<p>[et_pb_section fb_built=&#187;1&#8243; fullwidth=&#187;on&#187; custom_padding_last_edited=&#187;on|desktop&#187; admin_label=&#187;section&#187; _builder_version=&#187;3.22.3&#8243; background_color=&#187;#ffffff&#187; background_image=&#187;https:\/\/kyma.lt\/wp-content\/uploads\/2015\/07\/Background.png&#187; custom_padding_tablet=&#187;50px|0|50px|0&#8243; transparent_background=&#187;off&#187;][et_pb_fullwidth_header title=&#187;\u0417\u0430\u0433\u0440\u0443\u0437\u043a\u0438&#187; text_orientation=&#187;center&#187; header_scroll_down=&#187;on&#187; scroll_down_icon=&#187;%%1%%&#187; content_max_width=&#187;none&#187; _builder_version=&#187;3.16&#8243; background_color=&#187;rgba(255, 255, 255, 0)&#187; button_one_letter_spacing_hover=&#187;0&#8243; button_two_letter_spacing_hover=&#187;0&#8243; button_one_text_size__hover_enabled=&#187;off&#187; button_two_text_size__hover_enabled=&#187;off&#187; button_one_text_color__hover_enabled=&#187;off&#187; button_two_text_color__hover_enabled=&#187;off&#187; button_one_border_width__hover_enabled=&#187;off&#187; button_two_border_width__hover_enabled=&#187;off&#187; button_one_border_color__hover_enabled=&#187;off&#187; button_two_border_color__hover_enabled=&#187;off&#187; button_one_border_radius__hover_enabled=&#187;off&#187; button_two_border_radius__hover_enabled=&#187;off&#187; button_one_letter_spacing__hover_enabled=&#187;on&#187; button_one_letter_spacing__hover=&#187;0&#8243; button_two_letter_spacing__hover_enabled=&#187;on&#187; button_two_letter_spacing__hover=&#187;0&#8243; button_one_bg_color__hover_enabled=&#187;off&#187; button_two_bg_color__hover_enabled=&#187;off&#187;][\/et_pb_fullwidth_header][\/et_pb_section][et_pb_section fb_built=&#187;1&#8243; admin_label=&#187;section&#187; _builder_version=&#187;3.22.3&#8243;][et_pb_row admin_label=&#187;row&#187; _builder_version=&#187;3.22.3&#8243; background_size=&#187;initial&#187; background_position=&#187;top_left&#187; background_repeat=&#187;repeat&#187;][et_pb_column type=&#187;1_3&#8243; _builder_version=&#187;3.0.47&#8243;][\/et_pb_column][et_pb_column type=&#187;1_3&#8243; _builder_version=&#187;3.0.47&#8243;][et_pb_blurb title=&#187;\u0418\u041d\u0421\u0422\u0420\u0423\u041a\u0426\u0418\u042f&#187; url=&#187;https:\/\/kyma.lt\/wp-content\/uploads\/2016\/12\/Surinkimo-instrukcija-11-24.pdf&#187; use_icon=&#187;on&#187; font_icon=&#187;%%72%%&#187; admin_label=&#187;Boxed Blurb&#187; _builder_version=&#187;3.0.87&#8243; header_font=&#187;|on||on|&#187; header_font_size=&#187;14&#8243; header_letter_spacing=&#187;1px&#187; body_font_size=&#187;13&#8243; background_size=&#187;initial&#187; background_position=&#187;top_left&#187; background_repeat=&#187;repeat&#187; border_width_all=&#187;4&#8243; border_color_all=&#187;#598492&#8243; border_style_all=&#187;solid&#187; text_orientation=&#187;center&#187; custom_padding=&#187;40px|40px|40px|40px&#187; animation=&#187;off&#187; use_border_color=&#187;on&#187; border_color=&#187;#598492&#8243; border_width=&#187;4&#8243; border_style=&#187;solid&#187; saved_tabs=&#187;all&#187;]\u0412\u0430\u043d\u043d\u044b<\/p>\n<p><a href=\"https:\/\/kyma.lt\/wp-content\/uploads\/2016\/12\/Surinkimo-instrukcija-11-24.pdf\">\u041f\u0440\u0438\u0441\u043b\u0430\u0442\u044c<\/a><br \/>\n[\/et_pb_blurb][\/et_pb_column][et_pb_column type=&#187;1_3&#8243; _builder_version=&#187;3.0.47&#8243;][et_pb_blurb title=&#187;\u0418\u041d\u0421\u0422\u0420\u0423\u041a\u0426\u0418\u042f &#187; url=&#187;https:\/\/kyma.lt\/wp-content\/uploads\/2017\/04\/Poliplastas-A4-2017_.pdf&#187; use_icon=&#187;on&#187; font_icon=&#187;%%209%%&#187; admin_label=&#187;Boxed Blurb&#187; _builder_version=&#187;3.0.87&#8243; header_font=&#187;|on||on|&#187; header_font_size=&#187;14&#8243; header_letter_spacing=&#187;1px&#187; body_font_size=&#187;13&#8243; background_size=&#187;initial&#187; background_position=&#187;top_left&#187; background_repeat=&#187;repeat&#187; border_width_all=&#187;4&#8243; border_color_all=&#187;#598492&#8243; border_style_all=&#187;solid&#187; text_orientation=&#187;center&#187; custom_padding=&#187;40px|40px|40px|40px&#187; animation=&#187;off&#187; use_border_color=&#187;on&#187; border_color=&#187;#598492&#8243; border_width=&#187;4&#8243; border_style=&#187;solid&#187; saved_tabs=&#187;all&#187;]\u041c\u0430\u0441\u0441\u0430\u0436\u043d\u044b\u0435 \u0441\u0438\u0441\u0442\u0435\u043c\u044b<\/p>\n<p><a href=\"https:\/\/kyma.lt\/wp-content\/uploads\/2017\/04\/Poliplastas-A4-2017_.pdf\">\u041f\u0440\u0438\u0441\u043b\u0430\u0442\u044c<\/a><br \/>\n[\/et_pb_blurb][\/et_pb_column][\/et_pb_row][\/et_pb_section]<\/p>\n","protected":false},"excerpt":{"rendered":"<p>\u0412\u0430\u043d\u043d\u044b \u041f\u0440\u0438\u0441\u043b\u0430\u0442\u044c \u041c\u0430\u0441\u0441\u0430\u0436\u043d\u044b\u0435 \u0441\u0438\u0441\u0442\u0435\u043c\u044b \u041f\u0440\u0438\u0441\u043b\u0430\u0442\u044c<\/p>\n","protected":false},"author":4,"featured_media":0,"parent":0,"menu_order":0,"comment_status":"open","ping_status":"open","template":"","meta":{"_et_pb_use_builder":"on","_et_pb_old_content":"","_et_gb_content_width":"","_exactmetrics_skip_tracking":false,"_exactmetrics_sitenote_active":false,"_exactmetrics_sitenote_note":"","_exactmetrics_sitenote_category":0,"footnotes":""},"yoast_head":"<!-- This site is optimized with the Yoast SEO plugin v22.6 - https:\/\/yoast.com\/wordpress\/plugins\/seo\/ -->\n<title>\u0417\u0430\u0433\u0440\u0443\u0437\u043a\u0438 - KYMA vonios, masa\u017ein\u0117s voni\u0173 sistemos<\/title>\n<meta name=\"robots\" content=\"index, follow, max-snippet:-1, max-image-preview:large, max-video-preview:-1\" \/>\n<link rel=\"canonical\" href=\"https:\/\/kyma.lt\/ru\/\u0437\u0430\u0433\u0440\u0443\u0437\u043a\u0438\/\" \/>\n<meta property=\"og:locale\" content=\"ru_RU\" \/>\n<meta property=\"og:type\" content=\"article\" \/>\n<meta property=\"og:title\" content=\"\u0417\u0430\u0433\u0440\u0443\u0437\u043a\u0438 - KYMA vonios, masa\u017ein\u0117s voni\u0173 sistemos\" \/>\n<meta property=\"og:description\" content=\"\u0412\u0430\u043d\u043d\u044b \u041f\u0440\u0438\u0441\u043b\u0430\u0442\u044c \u041c\u0430\u0441\u0441\u0430\u0436\u043d\u044b\u0435 \u0441\u0438\u0441\u0442\u0435\u043c\u044b \u041f\u0440\u0438\u0441\u043b\u0430\u0442\u044c\" \/>\n<meta property=\"og:url\" content=\"https:\/\/kyma.lt\/ru\/\u0437\u0430\u0433\u0440\u0443\u0437\u043a\u0438\/\" \/>\n<meta property=\"og:site_name\" content=\"KYMA vonios, masa\u017ein\u0117s voni\u0173 sistemos\" \/>\n<meta property=\"article:modified_time\" content=\"2024-01-30T08:20:39+00:00\" \/>\n<meta name=\"twitter:card\" content=\"summary_large_image\" \/>\n<meta name=\"twitter:label1\" content=\"\u041f\u0440\u0438\u043c\u0435\u0440\u043d\u043e\u0435 \u0432\u0440\u0435\u043c\u044f \u0434\u043b\u044f \u0447\u0442\u0435\u043d\u0438\u044f\" \/>\n\t<meta name=\"twitter:data1\" content=\"2 \u043c\u0438\u043d\u0443\u0442\u044b\" \/>\n<script type=\"application\/ld+json\" class=\"yoast-schema-graph\">{\"@context\":\"https:\/\/schema.org\",\"@graph\":[{\"@type\":\"WebPage\",\"@id\":\"https:\/\/kyma.lt\/ru\/%d0%b7%d0%b0%d0%b3%d1%80%d1%83%d0%b7%d0%ba%d0%b8\/\",\"url\":\"https:\/\/kyma.lt\/ru\/%d0%b7%d0%b0%d0%b3%d1%80%d1%83%d0%b7%d0%ba%d0%b8\/\",\"name\":\"\u0417\u0430\u0433\u0440\u0443\u0437\u043a\u0438 - KYMA vonios, masa\u017ein\u0117s voni\u0173 sistemos\",\"isPartOf\":{\"@id\":\"https:\/\/kyma.lt\/en\/#website\"},\"datePublished\":\"2015-07-31T07:44:56+00:00\",\"dateModified\":\"2024-01-30T08:20:39+00:00\",\"breadcrumb\":{\"@id\":\"https:\/\/kyma.lt\/ru\/%d0%b7%d0%b0%d0%b3%d1%80%d1%83%d0%b7%d0%ba%d0%b8\/#breadcrumb\"},\"inLanguage\":\"ru-RU\",\"potentialAction\":[{\"@type\":\"ReadAction\",\"target\":[\"https:\/\/kyma.lt\/ru\/%d0%b7%d0%b0%d0%b3%d1%80%d1%83%d0%b7%d0%ba%d0%b8\/\"]}]},{\"@type\":\"BreadcrumbList\",\"@id\":\"https:\/\/kyma.lt\/ru\/%d0%b7%d0%b0%d0%b3%d1%80%d1%83%d0%b7%d0%ba%d0%b8\/#breadcrumb\",\"itemListElement\":[{\"@type\":\"ListItem\",\"position\":1,\"name\":\"Home\",\"item\":\"https:\/\/kyma.lt\/ru\/titulinis\/\"},{\"@type\":\"ListItem\",\"position\":2,\"name\":\"\u0417\u0430\u0433\u0440\u0443\u0437\u043a\u0438\"}]},{\"@type\":\"WebSite\",\"@id\":\"https:\/\/kyma.lt\/en\/#website\",\"url\":\"https:\/\/kyma.lt\/en\/\",\"name\":\"KYMA vonios, masa\u017ein\u0117s voni\u0173 sistemos\",\"description\":\"\",\"alternateName\":\"KYMA\",\"potentialAction\":[{\"@type\":\"SearchAction\",\"target\":{\"@type\":\"EntryPoint\",\"urlTemplate\":\"https:\/\/kyma.lt\/en\/?s={search_term_string}\"},\"query-input\":\"required name=search_term_string\"}],\"inLanguage\":\"ru-RU\"}]}<\/script>\n<!-- \/ Yoast SEO plugin. -->","yoast_head_json":{"title":"\u0417\u0430\u0433\u0440\u0443\u0437\u043a\u0438 - KYMA vonios, masa\u017ein\u0117s voni\u0173 sistemos","robots":{"index":"index","follow":"follow","max-snippet":"max-snippet:-1","max-image-preview":"max-image-preview:large","max-video-preview":"max-video-preview:-1"},"canonical":"https:\/\/kyma.lt\/ru\/\u0437\u0430\u0433\u0440\u0443\u0437\u043a\u0438\/","og_locale":"ru_RU","og_type":"article","og_title":"\u0417\u0430\u0433\u0440\u0443\u0437\u043a\u0438 - KYMA vonios, masa\u017ein\u0117s voni\u0173 sistemos","og_description":"\u0412\u0430\u043d\u043d\u044b \u041f\u0440\u0438\u0441\u043b\u0430\u0442\u044c \u041c\u0430\u0441\u0441\u0430\u0436\u043d\u044b\u0435 \u0441\u0438\u0441\u0442\u0435\u043c\u044b \u041f\u0440\u0438\u0441\u043b\u0430\u0442\u044c","og_url":"https:\/\/kyma.lt\/ru\/\u0437\u0430\u0433\u0440\u0443\u0437\u043a\u0438\/","og_site_name":"KYMA vonios, masa\u017ein\u0117s voni\u0173 sistemos","article_modified_time":"2024-01-30T08:20:39+00:00","twitter_card":"summary_large_image","twitter_misc":{"\u041f\u0440\u0438\u043c\u0435\u0440\u043d\u043e\u0435 \u0432\u0440\u0435\u043c\u044f \u0434\u043b\u044f \u0447\u0442\u0435\u043d\u0438\u044f":"2 \u043c\u0438\u043d\u0443\u0442\u044b"},"schema":{"@context":"https:\/\/schema.org","@graph":[{"@type":"WebPage","@id":"https:\/\/kyma.lt\/ru\/%d0%b7%d0%b0%d0%b3%d1%80%d1%83%d0%b7%d0%ba%d0%b8\/","url":"https:\/\/kyma.lt\/ru\/%d0%b7%d0%b0%d0%b3%d1%80%d1%83%d0%b7%d0%ba%d0%b8\/","name":"\u0417\u0430\u0433\u0440\u0443\u0437\u043a\u0438 - KYMA vonios, masa\u017ein\u0117s voni\u0173 sistemos","isPartOf":{"@id":"https:\/\/kyma.lt\/en\/#website"},"datePublished":"2015-07-31T07:44:56+00:00","dateModified":"2024-01-30T08:20:39+00:00","breadcrumb":{"@id":"https:\/\/kyma.lt\/ru\/%d0%b7%d0%b0%d0%b3%d1%80%d1%83%d0%b7%d0%ba%d0%b8\/#breadcrumb"},"inLanguage":"ru-RU","potentialAction":[{"@type":"ReadAction","target":["https:\/\/kyma.lt\/ru\/%d0%b7%d0%b0%d0%b3%d1%80%d1%83%d0%b7%d0%ba%d0%b8\/"]}]},{"@type":"BreadcrumbList","@id":"https:\/\/kyma.lt\/ru\/%d0%b7%d0%b0%d0%b3%d1%80%d1%83%d0%b7%d0%ba%d0%b8\/#breadcrumb","itemListElement":[{"@type":"ListItem","position":1,"name":"Home","item":"https:\/\/kyma.lt\/ru\/titulinis\/"},{"@type":"ListItem","position":2,"name":"\u0417\u0430\u0433\u0440\u0443\u0437\u043a\u0438"}]},{"@type":"WebSite","@id":"https:\/\/kyma.lt\/en\/#website","url":"https:\/\/kyma.lt\/en\/","name":"KYMA vonios, masa\u017ein\u0117s voni\u0173 sistemos","description":"","alternateName":"KYMA","potentialAction":[{"@type":"SearchAction","target":{"@type":"EntryPoint","urlTemplate":"https:\/\/kyma.lt\/en\/?s={search_term_string}"},"query-input":"required name=search_term_string"}],"inLanguage":"ru-RU"}]}},"_links":{"self":[{"href":"https:\/\/kyma.lt\/ru\/wp-json\/wp\/v2\/pages\/11310\/"}],"collection":[{"href":"https:\/\/kyma.lt\/ru\/wp-json\/wp\/v2\/pages\/"}],"about":[{"href":"https:\/\/kyma.lt\/ru\/wp-json\/wp\/v2\/types\/page\/"}],"author":[{"embeddable":true,"href":"https:\/\/kyma.lt\/ru\/wp-json\/wp\/v2\/users\/4\/"}],"replies":[{"embeddable":true,"href":"https:\/\/kyma.lt\/ru\/wp-json\/wp\/v2\/comments\/?post=11310"}],"version-history":[{"count":6,"href":"https:\/\/kyma.lt\/ru\/wp-json\/wp\/v2\/pages\/11310\/revisions\/"}],"predecessor-version":[{"id":13085,"href":"https:\/\/kyma.lt\/ru\/wp-json\/wp\/v2\/pages\/11310\/revisions\/13085\/"}],"wp:attachment":[{"href":"https:\/\/kyma.lt\/ru\/wp-json\/wp\/v2\/media\/?parent=11310"}],"curies":[{"name":"wp","href":"https:\/\/api.w.org\/{rel}","templated":true}]}}