{"id":11330,"date":"2015-07-09T23:05:23","date_gmt":"2015-07-09T20:05:23","guid":{"rendered":"http:\/\/kyma.lt\/ru\/kontaktai\/"},"modified":"2024-09-27T09:26:24","modified_gmt":"2024-09-27T06:26:24","slug":"%d0%ba%d0%be%d0%bd%d1%82%d0%b0%d0%ba%d1%82%d1%8b","status":"publish","type":"page","link":"https:\/\/kyma.lt\/ru\/%d0%ba%d0%be%d0%bd%d1%82%d0%b0%d0%ba%d1%82%d1%8b\/","title":{"rendered":"\u041a\u043e\u043d\u0442\u0430\u043a\u0442\u044b"},"content":{"rendered":"<p>[et_pb_section fb_built=&#187;1&#8243; _builder_version=&#187;4.16&#8243; global_colors_info=&#187;{}&#187;][et_pb_row column_structure=&#187;1_2,1_2&#8243; _builder_version=&#187;4.16&#8243; background_size=&#187;initial&#187; background_position=&#187;top_left&#187; background_repeat=&#187;repeat&#187; global_colors_info=&#187;{}&#187;][et_pb_column type=&#187;1_2&#8243; _builder_version=&#187;4.16&#8243; custom_padding=&#187;|||&#187; global_colors_info=&#187;{}&#187; custom_padding__hover=&#187;|||&#187;][et_pb_text _builder_version=&#187;4.16&#8243; text_font_size=&#187;16&#8243; background_size=&#187;initial&#187; background_position=&#187;top_left&#187; background_repeat=&#187;repeat&#187; use_border_color=&#187;off&#187; global_colors_info=&#187;{}&#187;]<\/p>\n<p><strong>\u0417\u0410\u041e<\/strong>\u00a0<strong>\u201c<\/strong><strong>POLIPLASTAS<\/strong><strong>\u201d<br \/><\/strong>\u0410\u0434\u0440\u0435\u0441<strong>:\u00a0<\/strong>G\u0117li\u0173 g. 97, Tabari\u0161ki\u0173\u00a0kaimas, Ringaud\u0173 seni\u016bnija<br \/>LT-53334 Kauno raj.<\/p>\n<p>I-V 08.00. \u2013 17.00 val<\/p>\n<p>\u0422\u0435\u043b.:\u00a0+370 37 380861<br \/>\u041c\u043e\u0431. Tel. + 370 683 50937<br \/><a href=\"mailto:sales@poliplastas.lt\" target=\"_blank\" rel=\"noopener noreferrer\">sales@poliplastas.lt<\/a><\/p>\n<p>\u0411\u0443\u0445\u0433\u0430\u043b\u0442\u0435\u0440<br \/>\u0422\u0435\u043b. + 370 37 430368<\/p>\n<p>[\/et_pb_text][\/et_pb_column][et_pb_column type=&#187;1_2&#8243; _builder_version=&#187;4.16&#8243; custom_padding=&#187;|||&#187; global_colors_info=&#187;{}&#187; custom_padding__hover=&#187;|||&#187;][et_pb_text _builder_version=&#187;4.16&#8243; background_size=&#187;initial&#187; background_position=&#187;top_left&#187; background_repeat=&#187;repeat&#187; use_border_color=&#187;off&#187; border_color=&#187;#ffffff&#187; border_style=&#187;solid&#187; global_colors_info=&#187;{}&#187;]<iframe src=\"https:\/\/www.google.com\/maps\/embed?pb=!1m18!1m12!1m3!1d121856.83444742982!2d23.38258907124598!3d54.84673061148916!2m3!1f0!2f0!3f0!3m2!1i1024!2i768!4f13.1!3m3!1m2!1s0x46e72107301f3641%3A0xb5bb3f445c55734b!2sPoliplastas!5e0!3m2!1slt!2slt!4v1634229899651!5m2!1slt!2slt\" width=\"600\" height=\"450\" style=\"border:0;\" allowfullscreen=\"\" loading=\"lazy\"><\/iframe>[\/et_pb_text][\/et_pb_column][\/et_pb_row][\/et_pb_section]<\/p>\n","protected":false},"excerpt":{"rendered":"<p>\u0417\u0410\u041e\u00a0\u201cPOLIPLASTAS\u201d\u0410\u0434\u0440\u0435\u0441:\u00a0G\u0117li\u0173 g. 97, Tabari\u0161ki\u0173\u00a0kaimas, Ringaud\u0173 seni\u016bnijaLT-53334 Kauno raj. I-V 08.00. \u2013 17.00 val \u0422\u0435\u043b.:\u00a0+370 37 380861\u041c\u043e\u0431. Tel. + 370 683 50937sales@poliplastas.lt \u0411\u0443\u0445\u0433\u0430\u043b\u0442\u0435\u0440\u0422\u0435\u043b. + 370 37 430368<\/p>\n","protected":false},"author":4,"featured_media":0,"parent":0,"menu_order":9,"comment_status":"open","ping_status":"closed","template":"","meta":{"_et_pb_use_builder":"on","_et_pb_old_content":"","_et_gb_content_width":"","_exactmetrics_skip_tracking":false,"_exactmetrics_sitenote_active":false,"_exactmetrics_sitenote_note":"","_exactmetrics_sitenote_category":0,"footnotes":""},"yoast_head":"<!-- This site is optimized with the Yoast SEO plugin v22.6 - https:\/\/yoast.com\/wordpress\/plugins\/seo\/ -->\n<title>Kontaktai - KYMA.LT<\/title>\n<meta name=\"description\" content=\"UAB \u201cPOLIPLASTAS\u201d - Adresas: Nemuno g. 3, Rokai, Kauno raj., LT- 46159. Tel.: +37037380861\" \/>\n<meta name=\"robots\" content=\"index, follow, max-snippet:-1, max-image-preview:large, max-video-preview:-1\" \/>\n<link rel=\"canonical\" href=\"https:\/\/kyma.lt\/ru\/\u043a\u043e\u043d\u0442\u0430\u043a\u0442\u044b\/\" \/>\n<meta property=\"og:locale\" content=\"ru_RU\" \/>\n<meta property=\"og:type\" content=\"article\" \/>\n<meta property=\"og:title\" content=\"Kontaktai - KYMA.LT\" \/>\n<meta property=\"og:description\" content=\"UAB \u201cPOLIPLASTAS\u201d - Adresas: Nemuno g. 3, Rokai, Kauno raj., LT- 46159. Tel.: +37037380861\" \/>\n<meta property=\"og:url\" content=\"https:\/\/kyma.lt\/ru\/\u043a\u043e\u043d\u0442\u0430\u043a\u0442\u044b\/\" \/>\n<meta property=\"og:site_name\" content=\"KYMA vonios, masa\u017ein\u0117s voni\u0173 sistemos\" \/>\n<meta property=\"article:modified_time\" content=\"2024-09-27T06:26:24+00:00\" \/>\n<meta name=\"twitter:card\" content=\"summary_large_image\" \/>\n<meta name=\"twitter:label1\" content=\"\u041f\u0440\u0438\u043c\u0435\u0440\u043d\u043e\u0435 \u0432\u0440\u0435\u043c\u044f \u0434\u043b\u044f \u0447\u0442\u0435\u043d\u0438\u044f\" \/>\n\t<meta name=\"twitter:data1\" content=\"1 \u043c\u0438\u043d\u0443\u0442\u0430\" \/>\n<script type=\"application\/ld+json\" class=\"yoast-schema-graph\">{\"@context\":\"https:\/\/schema.org\",\"@graph\":[{\"@type\":\"WebPage\",\"@id\":\"https:\/\/kyma.lt\/ru\/%d0%ba%d0%be%d0%bd%d1%82%d0%b0%d0%ba%d1%82%d1%8b\/\",\"url\":\"https:\/\/kyma.lt\/ru\/%d0%ba%d0%be%d0%bd%d1%82%d0%b0%d0%ba%d1%82%d1%8b\/\",\"name\":\"Kontaktai - KYMA.LT\",\"isPartOf\":{\"@id\":\"https:\/\/kyma.lt\/en\/#website\"},\"datePublished\":\"2015-07-09T20:05:23+00:00\",\"dateModified\":\"2024-09-27T06:26:24+00:00\",\"description\":\"UAB \u201cPOLIPLASTAS\u201d - Adresas: Nemuno g. 3, Rokai, Kauno raj., LT- 46159. Tel.: +37037380861\",\"breadcrumb\":{\"@id\":\"https:\/\/kyma.lt\/ru\/%d0%ba%d0%be%d0%bd%d1%82%d0%b0%d0%ba%d1%82%d1%8b\/#breadcrumb\"},\"inLanguage\":\"ru-RU\",\"potentialAction\":[{\"@type\":\"ReadAction\",\"target\":[\"https:\/\/kyma.lt\/ru\/%d0%ba%d0%be%d0%bd%d1%82%d0%b0%d0%ba%d1%82%d1%8b\/\"]}]},{\"@type\":\"BreadcrumbList\",\"@id\":\"https:\/\/kyma.lt\/ru\/%d0%ba%d0%be%d0%bd%d1%82%d0%b0%d0%ba%d1%82%d1%8b\/#breadcrumb\",\"itemListElement\":[{\"@type\":\"ListItem\",\"position\":1,\"name\":\"Home\",\"item\":\"https:\/\/kyma.lt\/ru\/titulinis\/\"},{\"@type\":\"ListItem\",\"position\":2,\"name\":\"\u041a\u043e\u043d\u0442\u0430\u043a\u0442\u044b\"}]},{\"@type\":\"WebSite\",\"@id\":\"https:\/\/kyma.lt\/en\/#website\",\"url\":\"https:\/\/kyma.lt\/en\/\",\"name\":\"KYMA vonios, masa\u017ein\u0117s voni\u0173 sistemos\",\"description\":\"\",\"alternateName\":\"KYMA\",\"potentialAction\":[{\"@type\":\"SearchAction\",\"target\":{\"@type\":\"EntryPoint\",\"urlTemplate\":\"https:\/\/kyma.lt\/en\/?s={search_term_string}\"},\"query-input\":\"required name=search_term_string\"}],\"inLanguage\":\"ru-RU\"}]}<\/script>\n<!-- \/ Yoast SEO plugin. -->","yoast_head_json":{"title":"Kontaktai - KYMA.LT","description":"UAB \u201cPOLIPLASTAS\u201d - Adresas: Nemuno g. 3, Rokai, Kauno raj., LT- 46159. Tel.: +37037380861","robots":{"index":"index","follow":"follow","max-snippet":"max-snippet:-1","max-image-preview":"max-image-preview:large","max-video-preview":"max-video-preview:-1"},"canonical":"https:\/\/kyma.lt\/ru\/\u043a\u043e\u043d\u0442\u0430\u043a\u0442\u044b\/","og_locale":"ru_RU","og_type":"article","og_title":"Kontaktai - KYMA.LT","og_description":"UAB \u201cPOLIPLASTAS\u201d - Adresas: Nemuno g. 3, Rokai, Kauno raj., LT- 46159. Tel.: +37037380861","og_url":"https:\/\/kyma.lt\/ru\/\u043a\u043e\u043d\u0442\u0430\u043a\u0442\u044b\/","og_site_name":"KYMA vonios, masa\u017ein\u0117s voni\u0173 sistemos","article_modified_time":"2024-09-27T06:26:24+00:00","twitter_card":"summary_large_image","twitter_misc":{"\u041f\u0440\u0438\u043c\u0435\u0440\u043d\u043e\u0435 \u0432\u0440\u0435\u043c\u044f \u0434\u043b\u044f \u0447\u0442\u0435\u043d\u0438\u044f":"1 \u043c\u0438\u043d\u0443\u0442\u0430"},"schema":{"@context":"https:\/\/schema.org","@graph":[{"@type":"WebPage","@id":"https:\/\/kyma.lt\/ru\/%d0%ba%d0%be%d0%bd%d1%82%d0%b0%d0%ba%d1%82%d1%8b\/","url":"https:\/\/kyma.lt\/ru\/%d0%ba%d0%be%d0%bd%d1%82%d0%b0%d0%ba%d1%82%d1%8b\/","name":"Kontaktai - KYMA.LT","isPartOf":{"@id":"https:\/\/kyma.lt\/en\/#website"},"datePublished":"2015-07-09T20:05:23+00:00","dateModified":"2024-09-27T06:26:24+00:00","description":"UAB \u201cPOLIPLASTAS\u201d - Adresas: Nemuno g. 3, Rokai, Kauno raj., LT- 46159. Tel.: +37037380861","breadcrumb":{"@id":"https:\/\/kyma.lt\/ru\/%d0%ba%d0%be%d0%bd%d1%82%d0%b0%d0%ba%d1%82%d1%8b\/#breadcrumb"},"inLanguage":"ru-RU","potentialAction":[{"@type":"ReadAction","target":["https:\/\/kyma.lt\/ru\/%d0%ba%d0%be%d0%bd%d1%82%d0%b0%d0%ba%d1%82%d1%8b\/"]}]},{"@type":"BreadcrumbList","@id":"https:\/\/kyma.lt\/ru\/%d0%ba%d0%be%d0%bd%d1%82%d0%b0%d0%ba%d1%82%d1%8b\/#breadcrumb","itemListElement":[{"@type":"ListItem","position":1,"name":"Home","item":"https:\/\/kyma.lt\/ru\/titulinis\/"},{"@type":"ListItem","position":2,"name":"\u041a\u043e\u043d\u0442\u0430\u043a\u0442\u044b"}]},{"@type":"WebSite","@id":"https:\/\/kyma.lt\/en\/#website","url":"https:\/\/kyma.lt\/en\/","name":"KYMA vonios, masa\u017ein\u0117s voni\u0173 sistemos","description":"","alternateName":"KYMA","potentialAction":[{"@type":"SearchAction","target":{"@type":"EntryPoint","urlTemplate":"https:\/\/kyma.lt\/en\/?s={search_term_string}"},"query-input":"required name=search_term_string"}],"inLanguage":"ru-RU"}]}},"_links":{"self":[{"href":"https:\/\/kyma.lt\/ru\/wp-json\/wp\/v2\/pages\/11330\/"}],"collection":[{"href":"https:\/\/kyma.lt\/ru\/wp-json\/wp\/v2\/pages\/"}],"about":[{"href":"https:\/\/kyma.lt\/ru\/wp-json\/wp\/v2\/types\/page\/"}],"author":[{"embeddable":true,"href":"https:\/\/kyma.lt\/ru\/wp-json\/wp\/v2\/users\/4\/"}],"replies":[{"embeddable":true,"href":"https:\/\/kyma.lt\/ru\/wp-json\/wp\/v2\/comments\/?post=11330"}],"version-history":[{"count":11,"href":"https:\/\/kyma.lt\/ru\/wp-json\/wp\/v2\/pages\/11330\/revisions\/"}],"predecessor-version":[{"id":13108,"href":"https:\/\/kyma.lt\/ru\/wp-json\/wp\/v2\/pages\/11330\/revisions\/13108\/"}],"wp:attachment":[{"href":"https:\/\/kyma.lt\/ru\/wp-json\/wp\/v2\/media\/?parent=11330"}],"curies":[{"name":"wp","href":"https:\/\/api.w.org\/{rel}","templated":true}]}}